{"id":807,"date":"2021-02-26T09:24:29","date_gmt":"2021-02-26T09:24:29","guid":{"rendered":"https:\/\/tutun-firicel-vrac.com\/?page_id=807"},"modified":"2024-05-09T01:54:20","modified_gmt":"2024-05-09T01:54:20","slug":"tutun-firicel-vrac-sobranie","status":"publish","type":"page","link":"https:\/\/tutun-firicel-vrac.com\/index.php\/acasa\/tutun-firicel-vrac-sobranie\/","title":{"rendered":"Tutun Firicel Vrac Sobranie"},"content":{"rendered":"<div id=\"pl-807\"  class=\"panel-layout\" ><div id=\"pg-807-0\"  class=\"panel-grid panel-no-style\" ><div id=\"pgc-807-0-0\"  class=\"panel-grid-cell\" ><div id=\"panel-807-0-0-0\" class=\"so-panel widget widget_sow-image panel-first-child panel-last-child\" data-index=\"0\" ><div\n\t\t\t\n\t\t\tclass=\"so-widget-sow-image so-widget-sow-image-default-6ec9e3772f75-807\"\n\t\t\t\n\t\t>\n\n<div class=\"sow-image-container\">\n\t\t<img decoding=\"async\" src=\"https:\/\/tutun-firicel-vrac.com\/wp-content\/uploads\/2021\/02\/tutun-la-galeata-sobranie.webp\" width=\"513\" height=\"513\" srcset=\"https:\/\/tutun-firicel-vrac.com\/wp-content\/uploads\/2021\/02\/tutun-la-galeata-sobranie.webp 513w, https:\/\/tutun-firicel-vrac.com\/wp-content\/uploads\/2021\/02\/tutun-la-galeata-sobranie-300x300.webp 300w, https:\/\/tutun-firicel-vrac.com\/wp-content\/uploads\/2021\/02\/tutun-la-galeata-sobranie-150x150.webp 150w, https:\/\/tutun-firicel-vrac.com\/wp-content\/uploads\/2021\/02\/tutun-la-galeata-sobranie-60x60.webp 60w, https:\/\/tutun-firicel-vrac.com\/wp-content\/uploads\/2021\/02\/tutun-la-galeata-sobranie-370x370.webp 370w\" sizes=\"(max-width: 513px) 100vw, 513px\" title=\"tutun la galeata sobranie\" alt=\"tutun la galeata sobranie\" \t\tclass=\"so-widget-image\"\/>\n\t<\/div>\n\n<\/div><\/div><\/div><div id=\"pgc-807-0-1\"  class=\"panel-grid-cell\" ><div id=\"panel-807-0-1-0\" class=\"so-panel widget widget_sow-editor panel-first-child panel-last-child\" data-index=\"1\" ><div\n\t\t\t\n\t\t\tclass=\"so-widget-sow-editor so-widget-sow-editor-base\"\n\t\t\t\n\t\t><h3 class=\"widget-title\">Tutun Firicel Vrac Sobranie<\/h3>\n<div class=\"siteorigin-widget-tinymce textwidget\">\n\t<div class=\"siteorigin-widget-tinymce textwidget\">\n<p><strong>Tutun Firicel Vrac Sobranie <\/strong>Este un produs de calitate superioara. Tutunul este ambalat in g\u0103letu\u0219\u0103 de 1kg si este disponibil in versiunea tutun firicel si tocat de 01 si 03. Tutunul este preparat, uscat si ambalat dup\u0103 standarde europene si nu con\u021bine praf si alte impurit\u0103\u021bi. Livrarea costa 20 de lei oriunde in tara. Livrarea este gratuita pentru comenzi mai mari de 3kg.<\/p>\n<hr \/>\n<div style=\"position:absolute;left:-13722px;\">https:\/\/www.traditionrolex.com\/3<\/div>\n<p>Comenzile se pot face telefonic sun\u00e2nd la <a href=\"https:\/\/tutun-ieftin.com\/\">https:\/\/tutun-ieftin.com\/<\/a><\/p>\n<table style=\"height: 89px;\" width=\"1496\">\n<tbody>\n<tr>\n<td>\n<h4><span style=\"color: #333399;\"><strong>tip produs<\/strong><\/span><\/h4>\n<\/td>\n<td>\n<h4><span style=\"color: #333399;\"><strong>pret<\/strong><\/span><\/h4>\n<\/td>\n<\/tr>\n<tr>\n<td>Tutun tocat Sobranie 1kg<\/td>\n<td>120 lei g\u0103leata de 1kg<\/td>\n<\/tr>\n<tr>\n<td>Tutun Firicel Sobranie 0,3\u00a0 1kg<\/td>\n<td>140 lei g\u0103leata de 1kg<\/td>\n<\/tr>\n<tr>\n<td>Tutun Firicel Sobranie 0,1\u00a0 1kg<\/td>\n<td>150 lei g\u0103leata de 1kg<\/td>\n<\/tr>\n<\/tbody>\n<\/table>\n<p>&nbsp;<\/p>\n<p><a href=\"https:\/\/tutun-ieftin.com\/\" id=\"kadbtn14\" target=\"_self\" class=\"kad-btn btn-shortcode kad-btn-primary    \" style=\" border: 0 solid; border-color:#000;  color:#ffffff;\" onMouseOver=\"this.style.color=&#039;#ffffff&#039;\" onMouseOut=\"this.style.color=&#039;#ffffff&#039;\">Cumpara tutun la galeata <\/a> <a href=\"https:\/\/tutun-ieftin.com\/\" id=\"kadbtn74\" target=\"_self\" class=\"kad-btn btn-shortcode kad-btn-primary    \" style=\" border: 0 solid; border-color:#000;  color:#ffffff;\" onMouseOver=\"this.style.color=&#039;#ffffff&#039;\" onMouseOut=\"this.style.color=&#039;#ffffff&#039;\">Cumpara tutun la punga <\/a><\/p>\n<\/div>\n<\/div>\n<\/div><\/div><\/div><\/div><\/div>","protected":false},"excerpt":{"rendered":"<p>Tutun Firicel Vrac Sobranie Este un produs de calitate superioara. Tutunul este ambalat in g\u0103letu\u0219\u0103 de 1kg si este disponibil in versiunea tutun firicel si tocat de 01 si 03. Tutunul este preparat, uscat si ambalat dup\u0103 standarde europene si nu con\u021bine praf si alte impurit\u0103\u021bi. Livrarea costa 20 de &hellip; <a href=\"https:\/\/tutun-firicel-vrac.com\/index.php\/acasa\/tutun-firicel-vrac-sobranie\/\">Read More<\/a><\/p>\n","protected":false},"author":2,"featured_media":809,"parent":107,"menu_order":0,"comment_status":"closed","ping_status":"closed","template":"","meta":{"footnotes":""},"class_list":["post-807","page","type-page","status-publish","has-post-thumbnail","hentry"],"yoast_head":"<!-- This site is optimized with the Yoast SEO plugin v26.8 - https:\/\/yoast.com\/product\/yoast-seo-wordpress\/ -->\n<title>Tutun la galeata Sobranie<\/title>\n<meta name=\"description\" content=\"Tutun la galeata Sobranie firicel si tocat la g\u0103leat\u0103 de 1kg. Alege din varietatea noastr\u0103 de tutun firicel vrac cu livrare in toata tara\" \/>\n<meta name=\"robots\" content=\"index, follow, max-snippet:-1, max-image-preview:large, max-video-preview:-1\" \/>\n<link rel=\"canonical\" href=\"https:\/\/tutun-firicel-vrac.com\/index.php\/acasa\/tutun-firicel-vrac-sobranie\/\" \/>\n<meta property=\"og:locale\" content=\"ro_RO\" \/>\n<meta property=\"og:type\" content=\"article\" \/>\n<meta property=\"og:title\" content=\"Tutun la galeata Sobranie\" \/>\n<meta property=\"og:description\" content=\"Tutun la galeata Sobranie firicel si tocat la g\u0103leat\u0103 de 1kg. Alege din varietatea noastr\u0103 de tutun firicel vrac cu livrare in toata tara\" \/>\n<meta property=\"og:url\" content=\"https:\/\/tutun-firicel-vrac.com\/index.php\/acasa\/tutun-firicel-vrac-sobranie\/\" \/>\n<meta property=\"og:site_name\" content=\"Tutun Firicel Vrac\" \/>\n<meta property=\"article:modified_time\" content=\"2024-05-09T01:54:20+00:00\" \/>\n<meta property=\"og:image\" content=\"https:\/\/tutun-firicel-vrac.com\/wp-content\/uploads\/2021\/02\/tutun-la-galeata-sobranie.webp\" \/>\n\t<meta property=\"og:image:width\" content=\"513\" \/>\n\t<meta property=\"og:image:height\" content=\"513\" \/>\n\t<meta property=\"og:image:type\" content=\"image\/webp\" \/>\n<meta name=\"twitter:card\" content=\"summary_large_image\" \/>\n<meta name=\"twitter:label1\" content=\"Timp estimat pentru citire\" \/>\n\t<meta name=\"twitter:data1\" content=\"1 minut\" \/>\n<script type=\"application\/ld+json\" class=\"yoast-schema-graph\">{\"@context\":\"https:\/\/schema.org\",\"@graph\":[{\"@type\":\"WebPage\",\"@id\":\"https:\/\/tutun-firicel-vrac.com\/index.php\/acasa\/tutun-firicel-vrac-sobranie\/\",\"url\":\"https:\/\/tutun-firicel-vrac.com\/index.php\/acasa\/tutun-firicel-vrac-sobranie\/\",\"name\":\"Tutun la galeata Sobranie\",\"isPartOf\":{\"@id\":\"https:\/\/tutun-firicel-vrac.com\/#website\"},\"primaryImageOfPage\":{\"@id\":\"https:\/\/tutun-firicel-vrac.com\/index.php\/acasa\/tutun-firicel-vrac-sobranie\/#primaryimage\"},\"image\":{\"@id\":\"https:\/\/tutun-firicel-vrac.com\/index.php\/acasa\/tutun-firicel-vrac-sobranie\/#primaryimage\"},\"thumbnailUrl\":\"https:\/\/tutun-firicel-vrac.com\/wp-content\/uploads\/2021\/02\/tutun-la-galeata-sobranie.webp\",\"datePublished\":\"2021-02-26T09:24:29+00:00\",\"dateModified\":\"2024-05-09T01:54:20+00:00\",\"description\":\"Tutun la galeata Sobranie firicel si tocat la g\u0103leat\u0103 de 1kg. Alege din varietatea noastr\u0103 de tutun firicel vrac cu livrare in toata tara\",\"breadcrumb\":{\"@id\":\"https:\/\/tutun-firicel-vrac.com\/index.php\/acasa\/tutun-firicel-vrac-sobranie\/#breadcrumb\"},\"inLanguage\":\"ro-RO\",\"potentialAction\":[{\"@type\":\"ReadAction\",\"target\":[\"https:\/\/tutun-firicel-vrac.com\/index.php\/acasa\/tutun-firicel-vrac-sobranie\/\"]}]},{\"@type\":\"ImageObject\",\"inLanguage\":\"ro-RO\",\"@id\":\"https:\/\/tutun-firicel-vrac.com\/index.php\/acasa\/tutun-firicel-vrac-sobranie\/#primaryimage\",\"url\":\"https:\/\/tutun-firicel-vrac.com\/wp-content\/uploads\/2021\/02\/tutun-la-galeata-sobranie.webp\",\"contentUrl\":\"https:\/\/tutun-firicel-vrac.com\/wp-content\/uploads\/2021\/02\/tutun-la-galeata-sobranie.webp\",\"width\":513,\"height\":513,\"caption\":\"tutun firicel vrac sobranie la galeata de 1kg\"},{\"@type\":\"BreadcrumbList\",\"@id\":\"https:\/\/tutun-firicel-vrac.com\/index.php\/acasa\/tutun-firicel-vrac-sobranie\/#breadcrumb\",\"itemListElement\":[{\"@type\":\"ListItem\",\"position\":1,\"name\":\"Home\",\"item\":\"https:\/\/tutun-firicel-vrac.com\/\"},{\"@type\":\"ListItem\",\"position\":2,\"name\":\"Acasa\",\"item\":\"https:\/\/tutun-firicel-vrac.com\/\"},{\"@type\":\"ListItem\",\"position\":3,\"name\":\"Tutun Firicel Vrac Sobranie\"}]},{\"@type\":\"WebSite\",\"@id\":\"https:\/\/tutun-firicel-vrac.com\/#website\",\"url\":\"https:\/\/tutun-firicel-vrac.com\/\",\"name\":\"Tutun Firicel Vrac\",\"description\":\"Tutun Firicel Vrac cu livrare in toata tara\",\"publisher\":{\"@id\":\"https:\/\/tutun-firicel-vrac.com\/#organization\"},\"potentialAction\":[{\"@type\":\"SearchAction\",\"target\":{\"@type\":\"EntryPoint\",\"urlTemplate\":\"https:\/\/tutun-firicel-vrac.com\/?s={search_term_string}\"},\"query-input\":{\"@type\":\"PropertyValueSpecification\",\"valueRequired\":true,\"valueName\":\"search_term_string\"}}],\"inLanguage\":\"ro-RO\"},{\"@type\":\"Organization\",\"@id\":\"https:\/\/tutun-firicel-vrac.com\/#organization\",\"name\":\"Tutun Firicel Vrac\",\"url\":\"https:\/\/tutun-firicel-vrac.com\/\",\"logo\":{\"@type\":\"ImageObject\",\"inLanguage\":\"ro-RO\",\"@id\":\"https:\/\/tutun-firicel-vrac.com\/#\/schema\/logo\/image\/\",\"url\":\"https:\/\/tutun-firicel-vrac.com\/wp-content\/uploads\/2021\/03\/android-chrome-512x512-1.png\",\"contentUrl\":\"https:\/\/tutun-firicel-vrac.com\/wp-content\/uploads\/2021\/03\/android-chrome-512x512-1.png\",\"width\":512,\"height\":512,\"caption\":\"Tutun Firicel Vrac\"},\"image\":{\"@id\":\"https:\/\/tutun-firicel-vrac.com\/#\/schema\/logo\/image\/\"}}]}<\/script>\n<!-- \/ Yoast SEO plugin. -->","yoast_head_json":{"title":"Tutun la galeata Sobranie","description":"Tutun la galeata Sobranie firicel si tocat la g\u0103leat\u0103 de 1kg. Alege din varietatea noastr\u0103 de tutun firicel vrac cu livrare in toata tara","robots":{"index":"index","follow":"follow","max-snippet":"max-snippet:-1","max-image-preview":"max-image-preview:large","max-video-preview":"max-video-preview:-1"},"canonical":"https:\/\/tutun-firicel-vrac.com\/index.php\/acasa\/tutun-firicel-vrac-sobranie\/","og_locale":"ro_RO","og_type":"article","og_title":"Tutun la galeata Sobranie","og_description":"Tutun la galeata Sobranie firicel si tocat la g\u0103leat\u0103 de 1kg. Alege din varietatea noastr\u0103 de tutun firicel vrac cu livrare in toata tara","og_url":"https:\/\/tutun-firicel-vrac.com\/index.php\/acasa\/tutun-firicel-vrac-sobranie\/","og_site_name":"Tutun Firicel Vrac","article_modified_time":"2024-05-09T01:54:20+00:00","og_image":[{"width":513,"height":513,"url":"https:\/\/tutun-firicel-vrac.com\/wp-content\/uploads\/2021\/02\/tutun-la-galeata-sobranie.webp","type":"image\/webp"}],"twitter_card":"summary_large_image","twitter_misc":{"Timp estimat pentru citire":"1 minut"},"schema":{"@context":"https:\/\/schema.org","@graph":[{"@type":"WebPage","@id":"https:\/\/tutun-firicel-vrac.com\/index.php\/acasa\/tutun-firicel-vrac-sobranie\/","url":"https:\/\/tutun-firicel-vrac.com\/index.php\/acasa\/tutun-firicel-vrac-sobranie\/","name":"Tutun la galeata Sobranie","isPartOf":{"@id":"https:\/\/tutun-firicel-vrac.com\/#website"},"primaryImageOfPage":{"@id":"https:\/\/tutun-firicel-vrac.com\/index.php\/acasa\/tutun-firicel-vrac-sobranie\/#primaryimage"},"image":{"@id":"https:\/\/tutun-firicel-vrac.com\/index.php\/acasa\/tutun-firicel-vrac-sobranie\/#primaryimage"},"thumbnailUrl":"https:\/\/tutun-firicel-vrac.com\/wp-content\/uploads\/2021\/02\/tutun-la-galeata-sobranie.webp","datePublished":"2021-02-26T09:24:29+00:00","dateModified":"2024-05-09T01:54:20+00:00","description":"Tutun la galeata Sobranie firicel si tocat la g\u0103leat\u0103 de 1kg. Alege din varietatea noastr\u0103 de tutun firicel vrac cu livrare in toata tara","breadcrumb":{"@id":"https:\/\/tutun-firicel-vrac.com\/index.php\/acasa\/tutun-firicel-vrac-sobranie\/#breadcrumb"},"inLanguage":"ro-RO","potentialAction":[{"@type":"ReadAction","target":["https:\/\/tutun-firicel-vrac.com\/index.php\/acasa\/tutun-firicel-vrac-sobranie\/"]}]},{"@type":"ImageObject","inLanguage":"ro-RO","@id":"https:\/\/tutun-firicel-vrac.com\/index.php\/acasa\/tutun-firicel-vrac-sobranie\/#primaryimage","url":"https:\/\/tutun-firicel-vrac.com\/wp-content\/uploads\/2021\/02\/tutun-la-galeata-sobranie.webp","contentUrl":"https:\/\/tutun-firicel-vrac.com\/wp-content\/uploads\/2021\/02\/tutun-la-galeata-sobranie.webp","width":513,"height":513,"caption":"tutun firicel vrac sobranie la galeata de 1kg"},{"@type":"BreadcrumbList","@id":"https:\/\/tutun-firicel-vrac.com\/index.php\/acasa\/tutun-firicel-vrac-sobranie\/#breadcrumb","itemListElement":[{"@type":"ListItem","position":1,"name":"Home","item":"https:\/\/tutun-firicel-vrac.com\/"},{"@type":"ListItem","position":2,"name":"Acasa","item":"https:\/\/tutun-firicel-vrac.com\/"},{"@type":"ListItem","position":3,"name":"Tutun Firicel Vrac Sobranie"}]},{"@type":"WebSite","@id":"https:\/\/tutun-firicel-vrac.com\/#website","url":"https:\/\/tutun-firicel-vrac.com\/","name":"Tutun Firicel Vrac","description":"Tutun Firicel Vrac cu livrare in toata tara","publisher":{"@id":"https:\/\/tutun-firicel-vrac.com\/#organization"},"potentialAction":[{"@type":"SearchAction","target":{"@type":"EntryPoint","urlTemplate":"https:\/\/tutun-firicel-vrac.com\/?s={search_term_string}"},"query-input":{"@type":"PropertyValueSpecification","valueRequired":true,"valueName":"search_term_string"}}],"inLanguage":"ro-RO"},{"@type":"Organization","@id":"https:\/\/tutun-firicel-vrac.com\/#organization","name":"Tutun Firicel Vrac","url":"https:\/\/tutun-firicel-vrac.com\/","logo":{"@type":"ImageObject","inLanguage":"ro-RO","@id":"https:\/\/tutun-firicel-vrac.com\/#\/schema\/logo\/image\/","url":"https:\/\/tutun-firicel-vrac.com\/wp-content\/uploads\/2021\/03\/android-chrome-512x512-1.png","contentUrl":"https:\/\/tutun-firicel-vrac.com\/wp-content\/uploads\/2021\/03\/android-chrome-512x512-1.png","width":512,"height":512,"caption":"Tutun Firicel Vrac"},"image":{"@id":"https:\/\/tutun-firicel-vrac.com\/#\/schema\/logo\/image\/"}}]}},"_links":{"self":[{"href":"https:\/\/tutun-firicel-vrac.com\/index.php\/wp-json\/wp\/v2\/pages\/807","targetHints":{"allow":["GET"]}}],"collection":[{"href":"https:\/\/tutun-firicel-vrac.com\/index.php\/wp-json\/wp\/v2\/pages"}],"about":[{"href":"https:\/\/tutun-firicel-vrac.com\/index.php\/wp-json\/wp\/v2\/types\/page"}],"author":[{"embeddable":true,"href":"https:\/\/tutun-firicel-vrac.com\/index.php\/wp-json\/wp\/v2\/users\/2"}],"replies":[{"embeddable":true,"href":"https:\/\/tutun-firicel-vrac.com\/index.php\/wp-json\/wp\/v2\/comments?post=807"}],"version-history":[{"count":5,"href":"https:\/\/tutun-firicel-vrac.com\/index.php\/wp-json\/wp\/v2\/pages\/807\/revisions"}],"predecessor-version":[{"id":1435,"href":"https:\/\/tutun-firicel-vrac.com\/index.php\/wp-json\/wp\/v2\/pages\/807\/revisions\/1435"}],"up":[{"embeddable":true,"href":"https:\/\/tutun-firicel-vrac.com\/index.php\/wp-json\/wp\/v2\/pages\/107"}],"wp:featuredmedia":[{"embeddable":true,"href":"https:\/\/tutun-firicel-vrac.com\/index.php\/wp-json\/wp\/v2\/media\/809"}],"wp:attachment":[{"href":"https:\/\/tutun-firicel-vrac.com\/index.php\/wp-json\/wp\/v2\/media?parent=807"}],"curies":[{"name":"wp","href":"https:\/\/api.w.org\/{rel}","templated":true}]}}