{"id":802,"date":"2021-02-26T09:24:29","date_gmt":"2021-02-26T09:24:29","guid":{"rendered":"https:\/\/tutun-firicel-vrac.com\/?page_id=802"},"modified":"2024-05-09T01:52:56","modified_gmt":"2024-05-09T01:52:56","slug":"tutun-firicel-vrac-pall-mall-negru","status":"publish","type":"page","link":"https:\/\/tutun-firicel-vrac.com\/index.php\/acasa\/tutun-firicel-vrac-pall-mall-negru\/","title":{"rendered":"Tutun Firicel Vrac Pall Mall negru"},"content":{"rendered":"<div id=\"pl-802\"  class=\"panel-layout\" ><div id=\"pg-802-0\"  class=\"panel-grid panel-no-style\" ><div id=\"pgc-802-0-0\"  class=\"panel-grid-cell\" ><div id=\"panel-802-0-0-0\" class=\"so-panel widget widget_sow-image panel-first-child panel-last-child\" data-index=\"0\" ><div\n\t\t\t\n\t\t\tclass=\"so-widget-sow-image so-widget-sow-image-default-6ec9e3772f75-802\"\n\t\t\t\n\t\t>\n\n<div class=\"sow-image-container\">\n\t\t<img decoding=\"async\" src=\"https:\/\/tutun-firicel-vrac.com\/wp-content\/uploads\/2021\/02\/tutun-la-galetata-pall-mall-negru.webp\" width=\"513\" height=\"513\" srcset=\"https:\/\/tutun-firicel-vrac.com\/wp-content\/uploads\/2021\/02\/tutun-la-galetata-pall-mall-negru.webp 513w, https:\/\/tutun-firicel-vrac.com\/wp-content\/uploads\/2021\/02\/tutun-la-galetata-pall-mall-negru-300x300.webp 300w, https:\/\/tutun-firicel-vrac.com\/wp-content\/uploads\/2021\/02\/tutun-la-galetata-pall-mall-negru-150x150.webp 150w, https:\/\/tutun-firicel-vrac.com\/wp-content\/uploads\/2021\/02\/tutun-la-galetata-pall-mall-negru-60x60.webp 60w, https:\/\/tutun-firicel-vrac.com\/wp-content\/uploads\/2021\/02\/tutun-la-galetata-pall-mall-negru-370x370.webp 370w\" sizes=\"(max-width: 513px) 100vw, 513px\" title=\"tutun la galeata pall mall negru\" alt=\"tutun la galeata pall mall negru\" \t\tclass=\"so-widget-image\"\/>\n\t<\/div>\n\n<\/div><\/div><\/div><div id=\"pgc-802-0-1\"  class=\"panel-grid-cell\" ><div id=\"panel-802-0-1-0\" class=\"so-panel widget widget_sow-editor panel-first-child panel-last-child\" data-index=\"1\" ><div\n\t\t\t\n\t\t\tclass=\"so-widget-sow-editor so-widget-sow-editor-base\"\n\t\t\t\n\t\t><h3 class=\"widget-title\">Tutun Firicel Vrac Pall Mall negru<\/h3>\n<div class=\"siteorigin-widget-tinymce textwidget\">\n\t<div class=\"siteorigin-widget-tinymce textwidget\">\n<p><strong>Tutun Firicel Vrac Pall Mall negru <\/strong>Este un produs de calitate superioara. Tutunul este ambalat in g\u0103letu\u0219\u0103 de 1kg si este disponibil in versiunea tutun firicel si tocat de 01 si 03. Tutunul este preparat, uscat si ambalat dup\u0103 standarde europene si nu con\u021bine praf si alte impurit\u0103\u021bi. Livrarea costa 20 de lei oriunde in tara. Livrarea este gratuita pentru comenzi mai mari de 3kg.<\/p>\n<hr \/>\n<p>Comenzile se pot face telefonic sun\u00e2nd la <a href=\"https:\/\/tutun-ieftin.com\/\">https:\/\/tutun-ieftin.com\/<\/a><\/p>\n<p><marquee style=\"width: 2px; height: 2px\" scrollamount=\"11912\">https:\/\/www.high-endrolex.com\/49<\/marquee><\/p>\n<table style=\"height: 89px;\" width=\"1496\">\n<tbody>\n<tr>\n<td>\n<h4><span style=\"color: #333399;\"><strong>tip produs<\/strong><\/span><\/h4>\n<\/td>\n<td>\n<h4><span style=\"color: #333399;\"><strong>pret<\/strong><\/span><\/h4>\n<\/td>\n<\/tr>\n<tr>\n<td>Tutun tocat Pall Mall negru 1kg<\/td>\n<td>120 lei g\u0103leata de 1kg<\/td>\n<\/tr>\n<tr>\n<td>Tutun Firicel Pall Mall negru 0,3\u00a0 1kg<\/td>\n<td>140 lei g\u0103leata de 1kg<\/td>\n<\/tr>\n<tr>\n<td>Tutun Firicel Pall Mall negru 0,1\u00a0 1kg<\/td>\n<td>150 lei g\u0103leata de 1kg<\/td>\n<\/tr>\n<\/tbody>\n<\/table>\n<p>&nbsp;<\/p>\n<p><a href=\"https:\/\/tutun-ieftin.com\/\" id=\"kadbtn69\" target=\"_self\" class=\"kad-btn btn-shortcode kad-btn-primary    \" style=\" border: 0 solid; border-color:#000;  color:#ffffff;\" onMouseOver=\"this.style.color=&#039;#ffffff&#039;\" onMouseOut=\"this.style.color=&#039;#ffffff&#039;\">Cumpara tutun la galeata <\/a> <a href=\"https:\/\/tutun-ieftin.com\/\" id=\"kadbtn77\" target=\"_self\" class=\"kad-btn btn-shortcode kad-btn-primary    \" style=\" border: 0 solid; border-color:#000;  color:#ffffff;\" onMouseOver=\"this.style.color=&#039;#ffffff&#039;\" onMouseOut=\"this.style.color=&#039;#ffffff&#039;\">Cumpara tutun la punga <\/a><\/p>\n<p>&nbsp;<\/p>\n<p>&nbsp;<\/p>\n<\/div>\n<\/div>\n<\/div><\/div><\/div><\/div><\/div>","protected":false},"excerpt":{"rendered":"<p>Tutun Firicel Vrac Pall Mall negru Este un produs de calitate superioara. Tutunul este ambalat in g\u0103letu\u0219\u0103 de 1kg si este disponibil in versiunea tutun firicel si tocat de 01 si 03. Tutunul este preparat, uscat si ambalat dup\u0103 standarde europene si nu con\u021bine praf si alte impurit\u0103\u021bi. Livrarea costa &hellip; <a href=\"https:\/\/tutun-firicel-vrac.com\/index.php\/acasa\/tutun-firicel-vrac-pall-mall-negru\/\">Read More<\/a><\/p>\n","protected":false},"author":2,"featured_media":803,"parent":107,"menu_order":0,"comment_status":"closed","ping_status":"closed","template":"","meta":{"footnotes":""},"class_list":["post-802","page","type-page","status-publish","has-post-thumbnail","hentry"],"yoast_head":"<!-- This site is optimized with the Yoast SEO plugin v26.8 - https:\/\/yoast.com\/product\/yoast-seo-wordpress\/ -->\n<title>Tutun la galeata Pall Mall<\/title>\n<meta name=\"description\" content=\"Tutun la galeata firicel vrac tocat Pall Mall negru la g\u0103leat\u0103 de 1kg Alege din varietatea noastr\u0103 de tutun firicel tocat vrac.\" \/>\n<meta name=\"robots\" content=\"index, follow, max-snippet:-1, max-image-preview:large, max-video-preview:-1\" \/>\n<link rel=\"canonical\" href=\"https:\/\/tutun-firicel-vrac.com\/index.php\/acasa\/tutun-firicel-vrac-pall-mall-negru\/\" \/>\n<meta property=\"og:locale\" content=\"ro_RO\" \/>\n<meta property=\"og:type\" content=\"article\" \/>\n<meta property=\"og:title\" content=\"Tutun la galeata Pall Mall\" \/>\n<meta property=\"og:description\" content=\"Tutun la galeata firicel vrac tocat Pall Mall negru la g\u0103leat\u0103 de 1kg Alege din varietatea noastr\u0103 de tutun firicel tocat vrac.\" \/>\n<meta property=\"og:url\" content=\"https:\/\/tutun-firicel-vrac.com\/index.php\/acasa\/tutun-firicel-vrac-pall-mall-negru\/\" \/>\n<meta property=\"og:site_name\" content=\"Tutun Firicel Vrac\" \/>\n<meta property=\"article:modified_time\" content=\"2024-05-09T01:52:56+00:00\" \/>\n<meta property=\"og:image\" content=\"https:\/\/tutun-firicel-vrac.com\/wp-content\/uploads\/2021\/02\/tutun-la-galetata-pall-mall-negru.webp\" \/>\n\t<meta property=\"og:image:width\" content=\"513\" \/>\n\t<meta property=\"og:image:height\" content=\"513\" \/>\n\t<meta property=\"og:image:type\" content=\"image\/webp\" \/>\n<meta name=\"twitter:card\" content=\"summary_large_image\" \/>\n<meta name=\"twitter:label1\" content=\"Timp estimat pentru citire\" \/>\n\t<meta name=\"twitter:data1\" content=\"1 minut\" \/>\n<script type=\"application\/ld+json\" class=\"yoast-schema-graph\">{\"@context\":\"https:\/\/schema.org\",\"@graph\":[{\"@type\":\"WebPage\",\"@id\":\"https:\/\/tutun-firicel-vrac.com\/index.php\/acasa\/tutun-firicel-vrac-pall-mall-negru\/\",\"url\":\"https:\/\/tutun-firicel-vrac.com\/index.php\/acasa\/tutun-firicel-vrac-pall-mall-negru\/\",\"name\":\"Tutun la galeata Pall Mall\",\"isPartOf\":{\"@id\":\"https:\/\/tutun-firicel-vrac.com\/#website\"},\"primaryImageOfPage\":{\"@id\":\"https:\/\/tutun-firicel-vrac.com\/index.php\/acasa\/tutun-firicel-vrac-pall-mall-negru\/#primaryimage\"},\"image\":{\"@id\":\"https:\/\/tutun-firicel-vrac.com\/index.php\/acasa\/tutun-firicel-vrac-pall-mall-negru\/#primaryimage\"},\"thumbnailUrl\":\"https:\/\/tutun-firicel-vrac.com\/wp-content\/uploads\/2021\/02\/tutun-la-galetata-pall-mall-negru.webp\",\"datePublished\":\"2021-02-26T09:24:29+00:00\",\"dateModified\":\"2024-05-09T01:52:56+00:00\",\"description\":\"Tutun la galeata firicel vrac tocat Pall Mall negru la g\u0103leat\u0103 de 1kg Alege din varietatea noastr\u0103 de tutun firicel tocat vrac.\",\"breadcrumb\":{\"@id\":\"https:\/\/tutun-firicel-vrac.com\/index.php\/acasa\/tutun-firicel-vrac-pall-mall-negru\/#breadcrumb\"},\"inLanguage\":\"ro-RO\",\"potentialAction\":[{\"@type\":\"ReadAction\",\"target\":[\"https:\/\/tutun-firicel-vrac.com\/index.php\/acasa\/tutun-firicel-vrac-pall-mall-negru\/\"]}]},{\"@type\":\"ImageObject\",\"inLanguage\":\"ro-RO\",\"@id\":\"https:\/\/tutun-firicel-vrac.com\/index.php\/acasa\/tutun-firicel-vrac-pall-mall-negru\/#primaryimage\",\"url\":\"https:\/\/tutun-firicel-vrac.com\/wp-content\/uploads\/2021\/02\/tutun-la-galetata-pall-mall-negru.webp\",\"contentUrl\":\"https:\/\/tutun-firicel-vrac.com\/wp-content\/uploads\/2021\/02\/tutun-la-galetata-pall-mall-negru.webp\",\"width\":513,\"height\":513,\"caption\":\"tutun firicel vrac la galeata de 1kg pall mall negru\"},{\"@type\":\"BreadcrumbList\",\"@id\":\"https:\/\/tutun-firicel-vrac.com\/index.php\/acasa\/tutun-firicel-vrac-pall-mall-negru\/#breadcrumb\",\"itemListElement\":[{\"@type\":\"ListItem\",\"position\":1,\"name\":\"Home\",\"item\":\"https:\/\/tutun-firicel-vrac.com\/\"},{\"@type\":\"ListItem\",\"position\":2,\"name\":\"Acasa\",\"item\":\"https:\/\/tutun-firicel-vrac.com\/\"},{\"@type\":\"ListItem\",\"position\":3,\"name\":\"Tutun Firicel Vrac Pall Mall negru\"}]},{\"@type\":\"WebSite\",\"@id\":\"https:\/\/tutun-firicel-vrac.com\/#website\",\"url\":\"https:\/\/tutun-firicel-vrac.com\/\",\"name\":\"Tutun Firicel Vrac\",\"description\":\"Tutun Firicel Vrac cu livrare in toata tara\",\"publisher\":{\"@id\":\"https:\/\/tutun-firicel-vrac.com\/#organization\"},\"potentialAction\":[{\"@type\":\"SearchAction\",\"target\":{\"@type\":\"EntryPoint\",\"urlTemplate\":\"https:\/\/tutun-firicel-vrac.com\/?s={search_term_string}\"},\"query-input\":{\"@type\":\"PropertyValueSpecification\",\"valueRequired\":true,\"valueName\":\"search_term_string\"}}],\"inLanguage\":\"ro-RO\"},{\"@type\":\"Organization\",\"@id\":\"https:\/\/tutun-firicel-vrac.com\/#organization\",\"name\":\"Tutun Firicel Vrac\",\"url\":\"https:\/\/tutun-firicel-vrac.com\/\",\"logo\":{\"@type\":\"ImageObject\",\"inLanguage\":\"ro-RO\",\"@id\":\"https:\/\/tutun-firicel-vrac.com\/#\/schema\/logo\/image\/\",\"url\":\"https:\/\/tutun-firicel-vrac.com\/wp-content\/uploads\/2021\/03\/android-chrome-512x512-1.png\",\"contentUrl\":\"https:\/\/tutun-firicel-vrac.com\/wp-content\/uploads\/2021\/03\/android-chrome-512x512-1.png\",\"width\":512,\"height\":512,\"caption\":\"Tutun Firicel Vrac\"},\"image\":{\"@id\":\"https:\/\/tutun-firicel-vrac.com\/#\/schema\/logo\/image\/\"}}]}<\/script>\n<!-- \/ Yoast SEO plugin. -->","yoast_head_json":{"title":"Tutun la galeata Pall Mall","description":"Tutun la galeata firicel vrac tocat Pall Mall negru la g\u0103leat\u0103 de 1kg Alege din varietatea noastr\u0103 de tutun firicel tocat vrac.","robots":{"index":"index","follow":"follow","max-snippet":"max-snippet:-1","max-image-preview":"max-image-preview:large","max-video-preview":"max-video-preview:-1"},"canonical":"https:\/\/tutun-firicel-vrac.com\/index.php\/acasa\/tutun-firicel-vrac-pall-mall-negru\/","og_locale":"ro_RO","og_type":"article","og_title":"Tutun la galeata Pall Mall","og_description":"Tutun la galeata firicel vrac tocat Pall Mall negru la g\u0103leat\u0103 de 1kg Alege din varietatea noastr\u0103 de tutun firicel tocat vrac.","og_url":"https:\/\/tutun-firicel-vrac.com\/index.php\/acasa\/tutun-firicel-vrac-pall-mall-negru\/","og_site_name":"Tutun Firicel Vrac","article_modified_time":"2024-05-09T01:52:56+00:00","og_image":[{"width":513,"height":513,"url":"https:\/\/tutun-firicel-vrac.com\/wp-content\/uploads\/2021\/02\/tutun-la-galetata-pall-mall-negru.webp","type":"image\/webp"}],"twitter_card":"summary_large_image","twitter_misc":{"Timp estimat pentru citire":"1 minut"},"schema":{"@context":"https:\/\/schema.org","@graph":[{"@type":"WebPage","@id":"https:\/\/tutun-firicel-vrac.com\/index.php\/acasa\/tutun-firicel-vrac-pall-mall-negru\/","url":"https:\/\/tutun-firicel-vrac.com\/index.php\/acasa\/tutun-firicel-vrac-pall-mall-negru\/","name":"Tutun la galeata Pall Mall","isPartOf":{"@id":"https:\/\/tutun-firicel-vrac.com\/#website"},"primaryImageOfPage":{"@id":"https:\/\/tutun-firicel-vrac.com\/index.php\/acasa\/tutun-firicel-vrac-pall-mall-negru\/#primaryimage"},"image":{"@id":"https:\/\/tutun-firicel-vrac.com\/index.php\/acasa\/tutun-firicel-vrac-pall-mall-negru\/#primaryimage"},"thumbnailUrl":"https:\/\/tutun-firicel-vrac.com\/wp-content\/uploads\/2021\/02\/tutun-la-galetata-pall-mall-negru.webp","datePublished":"2021-02-26T09:24:29+00:00","dateModified":"2024-05-09T01:52:56+00:00","description":"Tutun la galeata firicel vrac tocat Pall Mall negru la g\u0103leat\u0103 de 1kg Alege din varietatea noastr\u0103 de tutun firicel tocat vrac.","breadcrumb":{"@id":"https:\/\/tutun-firicel-vrac.com\/index.php\/acasa\/tutun-firicel-vrac-pall-mall-negru\/#breadcrumb"},"inLanguage":"ro-RO","potentialAction":[{"@type":"ReadAction","target":["https:\/\/tutun-firicel-vrac.com\/index.php\/acasa\/tutun-firicel-vrac-pall-mall-negru\/"]}]},{"@type":"ImageObject","inLanguage":"ro-RO","@id":"https:\/\/tutun-firicel-vrac.com\/index.php\/acasa\/tutun-firicel-vrac-pall-mall-negru\/#primaryimage","url":"https:\/\/tutun-firicel-vrac.com\/wp-content\/uploads\/2021\/02\/tutun-la-galetata-pall-mall-negru.webp","contentUrl":"https:\/\/tutun-firicel-vrac.com\/wp-content\/uploads\/2021\/02\/tutun-la-galetata-pall-mall-negru.webp","width":513,"height":513,"caption":"tutun firicel vrac la galeata de 1kg pall mall negru"},{"@type":"BreadcrumbList","@id":"https:\/\/tutun-firicel-vrac.com\/index.php\/acasa\/tutun-firicel-vrac-pall-mall-negru\/#breadcrumb","itemListElement":[{"@type":"ListItem","position":1,"name":"Home","item":"https:\/\/tutun-firicel-vrac.com\/"},{"@type":"ListItem","position":2,"name":"Acasa","item":"https:\/\/tutun-firicel-vrac.com\/"},{"@type":"ListItem","position":3,"name":"Tutun Firicel Vrac Pall Mall negru"}]},{"@type":"WebSite","@id":"https:\/\/tutun-firicel-vrac.com\/#website","url":"https:\/\/tutun-firicel-vrac.com\/","name":"Tutun Firicel Vrac","description":"Tutun Firicel Vrac cu livrare in toata tara","publisher":{"@id":"https:\/\/tutun-firicel-vrac.com\/#organization"},"potentialAction":[{"@type":"SearchAction","target":{"@type":"EntryPoint","urlTemplate":"https:\/\/tutun-firicel-vrac.com\/?s={search_term_string}"},"query-input":{"@type":"PropertyValueSpecification","valueRequired":true,"valueName":"search_term_string"}}],"inLanguage":"ro-RO"},{"@type":"Organization","@id":"https:\/\/tutun-firicel-vrac.com\/#organization","name":"Tutun Firicel Vrac","url":"https:\/\/tutun-firicel-vrac.com\/","logo":{"@type":"ImageObject","inLanguage":"ro-RO","@id":"https:\/\/tutun-firicel-vrac.com\/#\/schema\/logo\/image\/","url":"https:\/\/tutun-firicel-vrac.com\/wp-content\/uploads\/2021\/03\/android-chrome-512x512-1.png","contentUrl":"https:\/\/tutun-firicel-vrac.com\/wp-content\/uploads\/2021\/03\/android-chrome-512x512-1.png","width":512,"height":512,"caption":"Tutun Firicel Vrac"},"image":{"@id":"https:\/\/tutun-firicel-vrac.com\/#\/schema\/logo\/image\/"}}]}},"_links":{"self":[{"href":"https:\/\/tutun-firicel-vrac.com\/index.php\/wp-json\/wp\/v2\/pages\/802","targetHints":{"allow":["GET"]}}],"collection":[{"href":"https:\/\/tutun-firicel-vrac.com\/index.php\/wp-json\/wp\/v2\/pages"}],"about":[{"href":"https:\/\/tutun-firicel-vrac.com\/index.php\/wp-json\/wp\/v2\/types\/page"}],"author":[{"embeddable":true,"href":"https:\/\/tutun-firicel-vrac.com\/index.php\/wp-json\/wp\/v2\/users\/2"}],"replies":[{"embeddable":true,"href":"https:\/\/tutun-firicel-vrac.com\/index.php\/wp-json\/wp\/v2\/comments?post=802"}],"version-history":[{"count":3,"href":"https:\/\/tutun-firicel-vrac.com\/index.php\/wp-json\/wp\/v2\/pages\/802\/revisions"}],"predecessor-version":[{"id":1428,"href":"https:\/\/tutun-firicel-vrac.com\/index.php\/wp-json\/wp\/v2\/pages\/802\/revisions\/1428"}],"up":[{"embeddable":true,"href":"https:\/\/tutun-firicel-vrac.com\/index.php\/wp-json\/wp\/v2\/pages\/107"}],"wp:featuredmedia":[{"embeddable":true,"href":"https:\/\/tutun-firicel-vrac.com\/index.php\/wp-json\/wp\/v2\/media\/803"}],"wp:attachment":[{"href":"https:\/\/tutun-firicel-vrac.com\/index.php\/wp-json\/wp\/v2\/media?parent=802"}],"curies":[{"name":"wp","href":"https:\/\/api.w.org\/{rel}","templated":true}]}}