{"id":1118,"date":"2022-01-10T12:44:06","date_gmt":"2022-01-10T12:44:06","guid":{"rendered":"https:\/\/tutun-firicel-vrac.com\/?page_id=1118"},"modified":"2022-01-10T12:44:06","modified_gmt":"2022-01-10T12:44:06","slug":"tutun-la-galeata","status":"publish","type":"page","link":"https:\/\/tutun-firicel-vrac.com\/index.php\/tutun-la-galeata\/","title":{"rendered":"Tutun la galeata"},"content":{"rendered":"<h1>Tutun la galeata<\/h1>\n<p>Pe <a href=\"https:\/\/tutun-firicel-vrac.com\/\">Tutun-Viricel-Vrac.com<\/a> va punem la dispozi\u021bie cea mai mare varietate de tutun la galeata din Romania. La noi g\u0103si\u021bi cel mai bun tutun la cel mai bun pre\u021b. Daca dori\u021bi sa cump\u0103ra\u021bi tutun la galetusa trebuie sa face\u021bi o comanda telefonica si in maxim 24 de ore va vom livra comanda. Daca realiza\u021bi comanda \u00eenainte de orele 12:00 AM, va vom livra comanda in aceiasi zi.<\/p>\n<p>&nbsp;<\/p>\n<h2>Ce m\u0103rci de tutun ave\u021bi disponibile?<\/h2>\n<p>Avem aproape in permanenta pe stoc toate m\u0103rcile de tutun cunoscute de pe pia\u021ba. Pute\u021bi sa alege\u021bi din lista de mai jos pentru a plasa comanda dumneavoastr\u0103<\/p>\n<p>&nbsp;<\/p>\n<h4><a href=\"https:\/\/tutun-firicel-vrac.com\/index.php\/acasa\/tutun-firicel-tocat-kent\/\">Kent<\/a>\u00a0 |<a href=\"https:\/\/tutun-firicel-vrac.com\/index.php\/acasa\/tutun-firicel-vrac-Premium\/\">\u00a0Premium<\/a> |\u00a0<a href=\"https:\/\/tutun-firicel-vrac.com\/index.php\/acasa\/tutun-firicel-vrac-winston\/\">Winston<\/a> |\u00a0<a href=\"https:\/\/tutun-firicel-vrac.com\/index.php\/acasa\/tutun-firicel-vrac-pall-mall\/\">Pall Mall<\/a> |\u00a0<a href=\"https:\/\/tutun-firicel-vrac.com\/index.php\/acasa\/tutun-firicel-vrac-pall-mall-negru\/\">Pall Mall Negru<\/a> |\u00a0<a href=\"https:\/\/tutun-firicel-vrac.com\/index.php\/acasa\/tutun-firicel-vrac-davidoff\/\">Dafidoff<\/a> |\u00a0<a href=\"https:\/\/tutun-firicel-vrac.com\/index.php\/acasa\/tutun-firicel-vrac-sobranie\/\">Sobranie<\/a> |\u00a0<a href=\"https:\/\/tutun-firicel-vrac.com\/index.php\/acasa\/tutun-firicel-vrac-dunhill-galeata-1kg\/\">Dunhill\u00a0<\/a><\/h4>\n<div class=\"hrule clearfix\" style=\"background:#dd6633; height:1px\"><\/div>\n<p style=\"text-align: center;\"><a href=\"https:\/\/tutun-ieftin.com\/\" id=\"kadbtn30\" target=\"_self\" class=\"kad-btn btn-shortcode kad-btn-primary    \" style=\" border: 0 solid; border-color:#000;  color:#ffffff;\" onMouseOver=\"this.style.color=&#039;#ffffff&#039;\" onMouseOut=\"this.style.color=&#039;#ffffff&#039;\">Clic pentru comanda telefonica  <i class=\"kt-icon-phone6\"\"><\/i><\/a>\n<div class=\"hrule clearfix\" style=\"background:#dd6633; height:1px\"><\/div>\n<p>&nbsp;<\/p>\n<h2>Cum comand tutun la galeata online?<\/h2>\n<p>Comanda se face foarte simplu. Trebuie doar sa suna\u021bi la num\u0103rul de telefon <a href=\"https:\/\/tutun-ieftin.com\/\">https:\/\/tutun-ieftin.com\/<\/a> si sa vorbi\u021bi cu un agent de v\u00e2nz\u0103ri. Acesta va va prelua datele de contact si adresa de livrare si va realiza expedierea tutunului dorit.<\/p>\n<p>&nbsp;<\/p>\n<p>&nbsp;<\/p>\n<figure id=\"attachment_1120\" class=\"thumbnail wp-caption aligncenter\" style=\"width: 404px\"><a href=\"https:\/\/tutun-ieftin.com\/\"><img decoding=\"async\" class=\"wp-image-1120\" src=\"https:\/\/tutun-firicel-vrac.com\/wp-content\/uploads\/2022\/01\/tutun-la-galeata-Premium.webp\" alt=\"tutun la galeata\" width=\"404\" height=\"500\" \/><\/a><figcaption class=\"caption wp-caption-text\">Tutun la galeata Premium 1kg<\/figcaption><\/figure>\n<h3>Pre\u021b tutun la galetusa 1kg<\/h3>\n<p>Pre\u021bul tutunului la galeata este urm\u0103torul afi\u0219at in tabelul de mai jos<\/p>\n<table width=\"1496\">\n<tbody>\n<tr>\n<td>Tutun tocat toate marcile 1kg<\/td>\n<td>120 lei g\u0103leata de 1kg<\/td>\n<\/tr>\n<tr>\n<td>Tutun Firicel toate marcile 0,3\u00a0 1kg<\/td>\n<td>140 lei g\u0103leata de 1kg<\/td>\n<\/tr>\n<tr>\n<td>Tutun Firicel toate marcile 0,1\u00a0 1kg<\/td>\n<td>150 lei g\u0103leata de 1kg<\/td>\n<\/tr>\n<\/tbody>\n<\/table>\n<p>&nbsp;<\/p>\n<p>Livrarea pentru o galeata de tutun este de 20 de lei. Livrarea se face prin intermediul po\u0219tei in siguran\u021b\u0103. Plata comenzii se face prin ramburs, dup\u0103 primirea coletului.<\/p>\n<p>Livrarea pentru comenzile care con\u021bin 3 sau mai multe gale\u021bi de tutun este gratuita.<\/p>\n<h4>Care este avantajul tutunului la galetusa fata de tutunul normal?<\/h4>\n<p>Tutunul la galeata, denumit si tutun firicel si tocat sau tutun vrac, este mai bun, din punctul nostru de vedere, din mai multe motive.<\/p>\n<ol>\n<li>Este cu mult mai ieftin fata de tutunul tradi\u021bional la pachete de \u021bigarete, ajut\u00e2nd-du-va sa economisi\u021bi foarte mul\u021bi bani.<\/li>\n<li>Tutunul la galeata nu con\u021bine aditivi si alte chimicale. Este un tutun pur si natural, atent selectat si ambalat in cele mai bune condi\u021bii. Dea semeni nu con\u021bine praf sau alte impurit\u0103\u021bi prin urmare este un tutun de foarte mare calitate.<\/li>\n<li>Ofer\u0103 o experien\u021b\u0103 mult mai pl\u0103cut\u0103 si distractiva prin rularea propriilor \u021bigarete.<\/li>\n<li>Reduce fumatul cu pana la 50%. Conform spuselor clien\u021bilor no\u015ftri, consumul de tutun se reduce cu pana la 50% fata de \u021bigaretele tradi\u021bionale.<\/li>\n<\/ol>\n<p>&nbsp;<\/p>\n<figure id=\"attachment_1127\" class=\"thumbnail wp-caption aligncenter\" style=\"width: 404px\"><a href=\"https:\/\/tutun-ieftin.com\/ \"><img decoding=\"async\" class=\"wp-image-1127\" src=\"https:\/\/tutun-firicel-vrac.com\/wp-content\/uploads\/2022\/01\/tutun-la-galeata-kent-1.jpg\" alt=\"Tutun la galeata kent\" width=\"404\" height=\"500\" \/><\/a><figcaption class=\"caption wp-caption-text\">Tutun la galeata kent firicel<\/figcaption><\/figure>\n<h3>Unde ne g\u0103se\u0219ti?<\/h3>\n<p>Po\u021bi sa ne contactezi la num\u0103rul de telefon <a href=\"https:\/\/tutun-ieftin.com\/\">https:\/\/tutun-ieftin.com\/<\/a><\/p>\n<p>Ne g\u0103se\u0219ti si pe pagina de facebook <a href=\"https:\/\/www.facebook.com\/Firicel-%C8%99i-tocat-100514955358235\/\">Firicel si Tocat<\/a><\/p>\n<p>Po\u021bi sa ne conectezi si pe <a href=\"https:\/\/tutun-ieftin.com\/\">WhatsApp<\/a><\/p>\n<p>Din toate metodele de contact men\u021bionate mai sus, este de preferat sa o folose\u0219ti pe cea telefonica. In orice caz, va i\u021bi r\u0103spunde cat mai repede posibil pentru a te ajuta.<\/p>\n","protected":false},"excerpt":{"rendered":"<p>Tutun la galeata Pe Tutun-Viricel-Vrac.com va punem la dispozi\u021bie cea mai mare varietate de tutun la galeata din Romania. La noi g\u0103si\u021bi cel mai bun tutun la cel mai bun pre\u021b. Daca dori\u021bi sa cump\u0103ra\u021bi tutun la galetusa trebuie sa face\u021bi o comanda telefonica si in maxim 24 de ore &hellip; <a href=\"https:\/\/tutun-firicel-vrac.com\/index.php\/tutun-la-galeata\/\">Read More<\/a><\/p>\n","protected":false},"author":2,"featured_media":1120,"parent":0,"menu_order":0,"comment_status":"closed","ping_status":"closed","template":"","meta":{"footnotes":""},"class_list":["post-1118","page","type-page","status-publish","has-post-thumbnail","hentry"],"yoast_head":"<!-- This site is optimized with the Yoast SEO plugin v26.8 - https:\/\/yoast.com\/product\/yoast-seo-wordpress\/ -->\n<title>Tutun la Galeata<\/title>\n<meta name=\"description\" content=\"Tutun la galeata de vanzare online Comanda pe internet tutun la galeata prin telefon la nr 0727721205 Cel mai bun tutun firicel din Romania\" \/>\n<meta name=\"robots\" content=\"index, follow, max-snippet:-1, max-image-preview:large, max-video-preview:-1\" \/>\n<link rel=\"canonical\" href=\"https:\/\/tutun-firicel-vrac.com\/index.php\/tutun-la-galeata\/\" \/>\n<meta property=\"og:locale\" content=\"ro_RO\" \/>\n<meta property=\"og:type\" content=\"article\" \/>\n<meta property=\"og:title\" content=\"Tutun la Galeata\" \/>\n<meta property=\"og:description\" content=\"Tutun la galeata de vanzare online Comanda pe internet tutun la galeata prin telefon la nr 0727721205 Cel mai bun tutun firicel din Romania\" \/>\n<meta property=\"og:url\" content=\"https:\/\/tutun-firicel-vrac.com\/index.php\/tutun-la-galeata\/\" \/>\n<meta property=\"og:site_name\" content=\"Tutun Firicel Vrac\" \/>\n<meta property=\"og:image\" content=\"https:\/\/tutun-firicel-vrac.com\/wp-content\/uploads\/2022\/01\/tutun-la-galeata-1.jpg\" \/>\n\t<meta property=\"og:image:width\" content=\"808\" \/>\n\t<meta property=\"og:image:height\" content=\"1000\" \/>\n\t<meta property=\"og:image:type\" content=\"image\/jpeg\" \/>\n<meta name=\"twitter:card\" content=\"summary_large_image\" \/>\n<meta name=\"twitter:label1\" content=\"Timp estimat pentru citire\" \/>\n\t<meta name=\"twitter:data1\" content=\"3 minute\" \/>\n<script type=\"application\/ld+json\" class=\"yoast-schema-graph\">{\"@context\":\"https:\/\/schema.org\",\"@graph\":[{\"@type\":\"WebPage\",\"@id\":\"https:\/\/tutun-firicel-vrac.com\/index.php\/tutun-la-galeata\/\",\"url\":\"https:\/\/tutun-firicel-vrac.com\/index.php\/tutun-la-galeata\/\",\"name\":\"Tutun la Galeata\",\"isPartOf\":{\"@id\":\"https:\/\/tutun-firicel-vrac.com\/#website\"},\"primaryImageOfPage\":{\"@id\":\"https:\/\/tutun-firicel-vrac.com\/index.php\/tutun-la-galeata\/#primaryimage\"},\"image\":{\"@id\":\"https:\/\/tutun-firicel-vrac.com\/index.php\/tutun-la-galeata\/#primaryimage\"},\"thumbnailUrl\":\"https:\/\/tutun-firicel-vrac.com\/wp-content\/uploads\/2022\/01\/tutun-la-galeata-Premium.webp\",\"datePublished\":\"2022-01-10T12:44:06+00:00\",\"description\":\"Tutun la galeata de vanzare online Comanda pe internet tutun la galeata prin telefon la nr 0727721205 Cel mai bun tutun firicel din Romania\",\"breadcrumb\":{\"@id\":\"https:\/\/tutun-firicel-vrac.com\/index.php\/tutun-la-galeata\/#breadcrumb\"},\"inLanguage\":\"ro-RO\",\"potentialAction\":[{\"@type\":\"ReadAction\",\"target\":[\"https:\/\/tutun-firicel-vrac.com\/index.php\/tutun-la-galeata\/\"]}]},{\"@type\":\"ImageObject\",\"inLanguage\":\"ro-RO\",\"@id\":\"https:\/\/tutun-firicel-vrac.com\/index.php\/tutun-la-galeata\/#primaryimage\",\"url\":\"https:\/\/tutun-firicel-vrac.com\/wp-content\/uploads\/2022\/01\/tutun-la-galeata-Premium.webp\",\"contentUrl\":\"https:\/\/tutun-firicel-vrac.com\/wp-content\/uploads\/2022\/01\/tutun-la-galeata-Premium.webp\",\"width\":\"513\",\"height\":\"513\",\"caption\":\"Tutun la galeata Premium 1kg\"},{\"@type\":\"BreadcrumbList\",\"@id\":\"https:\/\/tutun-firicel-vrac.com\/index.php\/tutun-la-galeata\/#breadcrumb\",\"itemListElement\":[{\"@type\":\"ListItem\",\"position\":1,\"name\":\"Home\",\"item\":\"https:\/\/tutun-firicel-vrac.com\/\"},{\"@type\":\"ListItem\",\"position\":2,\"name\":\"Tutun la galeata\"}]},{\"@type\":\"WebSite\",\"@id\":\"https:\/\/tutun-firicel-vrac.com\/#website\",\"url\":\"https:\/\/tutun-firicel-vrac.com\/\",\"name\":\"Tutun Firicel Vrac\",\"description\":\"Tutun Firicel Vrac cu livrare in toata tara\",\"publisher\":{\"@id\":\"https:\/\/tutun-firicel-vrac.com\/#organization\"},\"potentialAction\":[{\"@type\":\"SearchAction\",\"target\":{\"@type\":\"EntryPoint\",\"urlTemplate\":\"https:\/\/tutun-firicel-vrac.com\/?s={search_term_string}\"},\"query-input\":{\"@type\":\"PropertyValueSpecification\",\"valueRequired\":true,\"valueName\":\"search_term_string\"}}],\"inLanguage\":\"ro-RO\"},{\"@type\":\"Organization\",\"@id\":\"https:\/\/tutun-firicel-vrac.com\/#organization\",\"name\":\"Tutun Firicel Vrac\",\"url\":\"https:\/\/tutun-firicel-vrac.com\/\",\"logo\":{\"@type\":\"ImageObject\",\"inLanguage\":\"ro-RO\",\"@id\":\"https:\/\/tutun-firicel-vrac.com\/#\/schema\/logo\/image\/\",\"url\":\"https:\/\/tutun-firicel-vrac.com\/wp-content\/uploads\/2021\/03\/android-chrome-512x512-1.png\",\"contentUrl\":\"https:\/\/tutun-firicel-vrac.com\/wp-content\/uploads\/2021\/03\/android-chrome-512x512-1.png\",\"width\":512,\"height\":512,\"caption\":\"Tutun Firicel Vrac\"},\"image\":{\"@id\":\"https:\/\/tutun-firicel-vrac.com\/#\/schema\/logo\/image\/\"}}]}<\/script>\n<!-- \/ Yoast SEO plugin. -->","yoast_head_json":{"title":"Tutun la Galeata","description":"Tutun la galeata de vanzare online Comanda pe internet tutun la galeata prin telefon la nr 0727721205 Cel mai bun tutun firicel din Romania","robots":{"index":"index","follow":"follow","max-snippet":"max-snippet:-1","max-image-preview":"max-image-preview:large","max-video-preview":"max-video-preview:-1"},"canonical":"https:\/\/tutun-firicel-vrac.com\/index.php\/tutun-la-galeata\/","og_locale":"ro_RO","og_type":"article","og_title":"Tutun la Galeata","og_description":"Tutun la galeata de vanzare online Comanda pe internet tutun la galeata prin telefon la nr 0727721205 Cel mai bun tutun firicel din Romania","og_url":"https:\/\/tutun-firicel-vrac.com\/index.php\/tutun-la-galeata\/","og_site_name":"Tutun Firicel Vrac","og_image":[{"width":808,"height":1000,"url":"https:\/\/tutun-firicel-vrac.com\/wp-content\/uploads\/2022\/01\/tutun-la-galeata-1.jpg","type":"image\/jpeg"}],"twitter_card":"summary_large_image","twitter_misc":{"Timp estimat pentru citire":"3 minute"},"schema":{"@context":"https:\/\/schema.org","@graph":[{"@type":"WebPage","@id":"https:\/\/tutun-firicel-vrac.com\/index.php\/tutun-la-galeata\/","url":"https:\/\/tutun-firicel-vrac.com\/index.php\/tutun-la-galeata\/","name":"Tutun la Galeata","isPartOf":{"@id":"https:\/\/tutun-firicel-vrac.com\/#website"},"primaryImageOfPage":{"@id":"https:\/\/tutun-firicel-vrac.com\/index.php\/tutun-la-galeata\/#primaryimage"},"image":{"@id":"https:\/\/tutun-firicel-vrac.com\/index.php\/tutun-la-galeata\/#primaryimage"},"thumbnailUrl":"https:\/\/tutun-firicel-vrac.com\/wp-content\/uploads\/2022\/01\/tutun-la-galeata-Premium.webp","datePublished":"2022-01-10T12:44:06+00:00","description":"Tutun la galeata de vanzare online Comanda pe internet tutun la galeata prin telefon la nr 0727721205 Cel mai bun tutun firicel din Romania","breadcrumb":{"@id":"https:\/\/tutun-firicel-vrac.com\/index.php\/tutun-la-galeata\/#breadcrumb"},"inLanguage":"ro-RO","potentialAction":[{"@type":"ReadAction","target":["https:\/\/tutun-firicel-vrac.com\/index.php\/tutun-la-galeata\/"]}]},{"@type":"ImageObject","inLanguage":"ro-RO","@id":"https:\/\/tutun-firicel-vrac.com\/index.php\/tutun-la-galeata\/#primaryimage","url":"https:\/\/tutun-firicel-vrac.com\/wp-content\/uploads\/2022\/01\/tutun-la-galeata-Premium.webp","contentUrl":"https:\/\/tutun-firicel-vrac.com\/wp-content\/uploads\/2022\/01\/tutun-la-galeata-Premium.webp","width":"513","height":"513","caption":"Tutun la galeata Premium 1kg"},{"@type":"BreadcrumbList","@id":"https:\/\/tutun-firicel-vrac.com\/index.php\/tutun-la-galeata\/#breadcrumb","itemListElement":[{"@type":"ListItem","position":1,"name":"Home","item":"https:\/\/tutun-firicel-vrac.com\/"},{"@type":"ListItem","position":2,"name":"Tutun la galeata"}]},{"@type":"WebSite","@id":"https:\/\/tutun-firicel-vrac.com\/#website","url":"https:\/\/tutun-firicel-vrac.com\/","name":"Tutun Firicel Vrac","description":"Tutun Firicel Vrac cu livrare in toata tara","publisher":{"@id":"https:\/\/tutun-firicel-vrac.com\/#organization"},"potentialAction":[{"@type":"SearchAction","target":{"@type":"EntryPoint","urlTemplate":"https:\/\/tutun-firicel-vrac.com\/?s={search_term_string}"},"query-input":{"@type":"PropertyValueSpecification","valueRequired":true,"valueName":"search_term_string"}}],"inLanguage":"ro-RO"},{"@type":"Organization","@id":"https:\/\/tutun-firicel-vrac.com\/#organization","name":"Tutun Firicel Vrac","url":"https:\/\/tutun-firicel-vrac.com\/","logo":{"@type":"ImageObject","inLanguage":"ro-RO","@id":"https:\/\/tutun-firicel-vrac.com\/#\/schema\/logo\/image\/","url":"https:\/\/tutun-firicel-vrac.com\/wp-content\/uploads\/2021\/03\/android-chrome-512x512-1.png","contentUrl":"https:\/\/tutun-firicel-vrac.com\/wp-content\/uploads\/2021\/03\/android-chrome-512x512-1.png","width":512,"height":512,"caption":"Tutun Firicel Vrac"},"image":{"@id":"https:\/\/tutun-firicel-vrac.com\/#\/schema\/logo\/image\/"}}]}},"_links":{"self":[{"href":"https:\/\/tutun-firicel-vrac.com\/index.php\/wp-json\/wp\/v2\/pages\/1118","targetHints":{"allow":["GET"]}}],"collection":[{"href":"https:\/\/tutun-firicel-vrac.com\/index.php\/wp-json\/wp\/v2\/pages"}],"about":[{"href":"https:\/\/tutun-firicel-vrac.com\/index.php\/wp-json\/wp\/v2\/types\/page"}],"author":[{"embeddable":true,"href":"https:\/\/tutun-firicel-vrac.com\/index.php\/wp-json\/wp\/v2\/users\/2"}],"replies":[{"embeddable":true,"href":"https:\/\/tutun-firicel-vrac.com\/index.php\/wp-json\/wp\/v2\/comments?post=1118"}],"version-history":[{"count":0,"href":"https:\/\/tutun-firicel-vrac.com\/index.php\/wp-json\/wp\/v2\/pages\/1118\/revisions"}],"wp:featuredmedia":[{"embeddable":true,"href":"https:\/\/tutun-firicel-vrac.com\/index.php\/wp-json\/wp\/v2\/media\/1120"}],"wp:attachment":[{"href":"https:\/\/tutun-firicel-vrac.com\/index.php\/wp-json\/wp\/v2\/media?parent=1118"}],"curies":[{"name":"wp","href":"https:\/\/api.w.org\/{rel}","templated":true}]}}