{"id":1064,"date":"2021-03-12T15:07:45","date_gmt":"2021-03-12T15:07:45","guid":{"rendered":"https:\/\/tutun-firicel-vrac.com\/?page_id=1064"},"modified":"2022-01-06T16:52:39","modified_gmt":"2022-01-06T16:52:39","slug":"tutun-galeata-1kg","status":"publish","type":"page","link":"https:\/\/tutun-firicel-vrac.com\/index.php\/tutun-galeata-1kg\/","title":{"rendered":"Tutun Galeata 1kg"},"content":{"rendered":"<h1 style=\"text-align: center;\">Tutun Galeata 1kg<\/h1>\n<figure id=\"attachment_697\" class=\"thumbnail wp-caption aligncenter\" style=\"width: 600px\"><a href=\"https:\/\/tutun-ieftin.com\/\"><img decoding=\"async\" class=\"wp-image-697\" src=\"https:\/\/tutun-firicel-vrac.com\/wp-content\/uploads\/2021\/02\/tutun_firicel_vrac_kent_galeata-300x200.jpg\" alt=\"Tutun la g\u0103leat\u0103 1kg\" width=\"600\" height=\"400\" srcset=\"https:\/\/tutun-firicel-vrac.com\/wp-content\/uploads\/2021\/02\/tutun_firicel_vrac_kent_galeata-300x200.jpg 300w, https:\/\/tutun-firicel-vrac.com\/wp-content\/uploads\/2021\/02\/tutun_firicel_vrac_kent_galeata-1024x683.jpg 1024w, https:\/\/tutun-firicel-vrac.com\/wp-content\/uploads\/2021\/02\/tutun_firicel_vrac_kent_galeata-768x512.jpg 768w, https:\/\/tutun-firicel-vrac.com\/wp-content\/uploads\/2021\/02\/tutun_firicel_vrac_kent_galeata-272x182.jpg 272w, https:\/\/tutun-firicel-vrac.com\/wp-content\/uploads\/2021\/02\/tutun_firicel_vrac_kent_galeata-740x494.jpg 740w, https:\/\/tutun-firicel-vrac.com\/wp-content\/uploads\/2021\/02\/tutun_firicel_vrac_kent_galeata-370x247.jpg 370w, https:\/\/tutun-firicel-vrac.com\/wp-content\/uploads\/2021\/02\/tutun_firicel_vrac_kent_galeata.jpg 1260w\" sizes=\"(max-width: 600px) 100vw, 600px\" \/><\/a><figcaption class=\"caption wp-caption-text\">Tutun la g\u0103leat\u0103 1kg<\/figcaption><\/figure>\n<p style=\"text-align: center;\"><a href=\"https:\/\/tutun-ieftin.com\/\" id=\"kadbtn25\" target=\"_self\" class=\"kad-btn btn-shortcode kad-btn-primary    \" style=\" border: 0 solid; border-color:#000;  color:#ffffff;\" onMouseOver=\"this.style.color=&#039;#ffffff&#039;\" onMouseOut=\"this.style.color=&#039;#ffffff&#039;\">Cumpara Tutun galeata 1kg <i class=\"kt-icon-phone6\"\"><\/i><\/a>\n<p style=\"text-align: center;\"><a href=\"https:\/\/tutun-ieftin.com\/\" id=\"kadbtn48\" target=\"_self\" class=\"kad-btn btn-shortcode kad-btn-primary    \" style=\" border: 0 solid; border-color:#000;  color:#ffffff;\" onMouseOver=\"this.style.color=&#039;#ffffff&#039;\" onMouseOut=\"this.style.color=&#039;#ffffff&#039;\">Cumpara Tutun la punga 200g <i class=\"kt-icon-phone6\"\"><\/i><\/a>\n<p>&nbsp;<\/p>\n<p>Tutunul la galeata este un tutun de calitate foarta buna, produs in fabrici care corespund cu standardele impuse de uniunea europeana. Cump\u0103r\u00e2nd tutun galeata 1kg, economisi\u021bi bani si in acelasi timp cump\u0103ra\u021bi un tutun natural f\u0103r\u0103 aditivi si f\u0103r\u0103 chimicale.<\/p>\n<h2>Tutun La Galeata de 1kg<\/h2>\n<p>Tutunul firicel si tocat vrac, la galeata de 1kg este selectat cu aten\u0163ie pentru a ob\u0163ine un produs cat mai pur, f\u0103r\u0103 praf, f\u0103r\u0103 cotoare si f\u0103r\u0103 impurit\u0103\u021bi.<\/p>\n<h3>Pentru a comanda tutun galeata 1kg puteti da clic pe una din imaginile de mai jos sau sa sunati la numarul de telefon <a href=\"https:\/\/tutun-ieftin.com\/\">0727721205<\/a><\/h3>\n<h4><a href=\"https:\/\/tutun-firicel-vrac.com\/index.php\/acasa\/tutun-firicel-tocat-kent\/\">Tutun la galeata 1kg Kent<\/a>\u00a0|\u00a0<a href=\"https:\/\/tutun-firicel-vrac.com\/index.php\/acasa\/tutun-firicel-vrac-Premium\/\">Tutun la galeata 1kg Premium<\/a>\u00a0|\u00a0<a href=\"https:\/\/tutun-firicel-vrac.com\/index.php\/acasa\/tutun-firicel-vrac-winston\/\">Tutun la galeata 1kg Winston<\/a>\u00a0|\u00a0<a href=\"https:\/\/tutun-firicel-vrac.com\/index.php\/acasa\/tutun-firicel-vrac-pall-mall\/\">Tutun La galeata 1kg Pall Mall<\/a>\u00a0|\u00a0<a href=\"https:\/\/tutun-firicel-vrac.com\/index.php\/acasa\/tutun-firicel-vrac-pall-mall-negru\/\">Tutun la galeata 1kg Pall Mall Negru<\/a>\u00a0|\u00a0<a href=\"https:\/\/tutun-firicel-vrac.com\/index.php\/acasa\/tutun-firicel-vrac-davidoff\/\">Tutun la galeata 1kg Dafidoff<\/a>\u00a0|\u00a0<a href=\"https:\/\/tutun-firicel-vrac.com\/index.php\/acasa\/tutun-firicel-vrac-sobranie\/\">Tutun la galeata 1kg Sobranie<\/a>\u00a0|<\/h4>\n<p>Ne g\u0103si\u021bi si pe pagina de <a href=\"https:\/\/www.facebook.com\/Firicel-%C8%99i-tocat-100514955358235\">Facebook<\/a> unde ne pute\u021bi contacta in scris pentru mai multe detalii.<\/p>\n<p>Livrarea se face prin posta si la 3 gale\u021bi de tutun cump\u0103rate, primi\u021bi produsele f\u0103r\u0103 costuri de livrare. Livrare complet gratis. Livrarea se face rapid si in siguran\u021b\u0103 si plata se efectueaz\u0103 la ramburs.<\/p>\n<div dir=\"auto\">Super calitate ungureasca. Tratat la baie de aburi. Dintr-o g\u0103letu\u0219\u0103 ies 55 de pachete, avem diferite Arome special pe gustul dvs, Strong sau Light<\/div>\n<figure id=\"attachment_809\" class=\"thumbnail wp-caption alignleft\" style=\"width: 225px\"><a href=\"https:\/\/tutun-ieftin.com\/\"><img decoding=\"async\" class=\"size-medium wp-image-809\" src=\"https:\/\/tutun-firicel-vrac.com\/wp-content\/uploads\/2021\/02\/tutun-la-galeata-sobranie-300x300.webp\" alt=\"tutun firicel vrac sobranie la galeata de 1kg\" width=\"225\" height=\"300\" \/><\/a><figcaption class=\"caption wp-caption-text\">tutun sobranie la galeata de 1kg<\/figcaption><\/figure>\n<figure id=\"attachment_813\" class=\"thumbnail wp-caption alignleft\" style=\"width: 225px\"><a href=\"https:\/\/tutun-ieftin.com\/\"><img decoding=\"async\" class=\"size-medium wp-image-813\" src=\"https:\/\/tutun-firicel-vrac.com\/wp-content\/uploads\/2021\/02\/tutun-la-galeata-winston-300x300.webp\" alt=\"tutun firicel vrac la galeata de 1kg winston\" width=\"225\" height=\"300\" \/><\/a><figcaption class=\"caption wp-caption-text\">tutun la galeata de 1kg winston<\/figcaption><\/figure>\n<figure id=\"attachment_803\" class=\"thumbnail wp-caption alignleft\" style=\"width: 225px\"><a href=\"https:\/\/tutun-ieftin.com\/\"><img decoding=\"async\" class=\"size-medium wp-image-803\" src=\"https:\/\/tutun-firicel-vrac.com\/wp-content\/uploads\/2021\/02\/tutun-la-galetata-pall-mall-negru-300x300.webp\" alt=\"tutun firicel vrac la galeata de 1kg pall mall negru\" width=\"225\" height=\"300\" \/><\/a><figcaption class=\"caption wp-caption-text\">tutun la galeata de 1kg pall mall negru<\/figcaption><\/figure>\n<figure id=\"attachment_799\" class=\"thumbnail wp-caption alignleft\" style=\"width: 225px\"><a href=\"https:\/\/tutun-ieftin.com\/\"><img decoding=\"async\" class=\"size-medium wp-image-799\" src=\"https:\/\/tutun-firicel-vrac.com\/wp-content\/uploads\/2021\/02\/tutun-la-galetata-pall-mall-300x300.webp\" alt=\"tutun firicel vrac la galeata de 1kg pall mall\" width=\"225\" height=\"300\" \/><\/a><figcaption class=\"caption wp-caption-text\">tutun la galeata de 1kg pall mall<\/figcaption><\/figure>\n<figure id=\"attachment_794\" class=\"thumbnail wp-caption alignleft\" style=\"width: 225px\"><a href=\"https:\/\/tutun-ieftin.com\/\"><img decoding=\"async\" class=\"size-medium wp-image-794\" src=\"https:\/\/tutun-firicel-vrac.com\/wp-content\/uploads\/2021\/02\/tutun-la-galetata-dunhill-300x300.webp\" alt=\"tutun firicel vrac la galeata de 1kg dunhill\" width=\"225\" height=\"300\" \/><\/a><figcaption class=\"caption wp-caption-text\">tutun la galeata de 1kg dunhill<\/figcaption><\/figure>\n<figure id=\"attachment_787\" class=\"thumbnail wp-caption alignleft\" style=\"width: 225px\"><a href=\"https:\/\/tutun-ieftin.com\/\"><img decoding=\"async\" class=\"size-medium wp-image-787\" src=\"https:\/\/tutun-firicel-vrac.com\/wp-content\/uploads\/2021\/02\/tutun-la-galetata-dafidoff-300x300.webp\" alt=\"tutun firicel vrac la galeata de 1kg davidoff\" width=\"225\" height=\"300\" \/><\/a><figcaption class=\"caption wp-caption-text\">tutun la galeata de 1kg davidoff<\/figcaption><\/figure>\n<figure id=\"attachment_780\" class=\"thumbnail wp-caption alignleft\" style=\"width: 225px\"><a href=\"https:\/\/tutun-ieftin.com\/\"><img decoding=\"async\" class=\"size-medium wp-image-780\" src=\"https:\/\/tutun-firicel-vrac.com\/wp-content\/uploads\/2021\/02\/tutun-la-galetata-kent-300x300.webp\" alt=\"tutun-firicel-vrac-kent-la-galetusa\" width=\"225\" height=\"300\" \/><\/a><figcaption class=\"caption wp-caption-text\">tutun galeata 1 kg kent<\/figcaption><\/figure>\n<figure id=\"attachment_775\" class=\"thumbnail wp-caption alignleft\" style=\"width: 225px\"><a href=\"https:\/\/tutun-ieftin.com\/\"><img decoding=\"async\" class=\"size-medium wp-image-775\" src=\"https:\/\/tutun-firicel-vrac.com\/wp-content\/uploads\/2021\/02\/tutun-firicel-vrac-Premium-la-galeata-1kg-300x300.jpg\" alt=\"tutun-firicel-vrac Premium la galeata 1kg\" width=\"225\" height=\"300\" \/><\/a><figcaption class=\"caption wp-caption-text\">tutun Premium la galeata 1kg<\/figcaption><\/figure>\n<p>&nbsp;<\/p>\n","protected":false},"excerpt":{"rendered":"<p>Tutun Galeata 1kg &nbsp; Tutunul la galeata este un tutun de calitate foarta buna, produs in fabrici care corespund cu standardele impuse de uniunea europeana. Cump\u0103r\u00e2nd tutun galeata 1kg, economisi\u021bi bani si in acelasi timp cump\u0103ra\u021bi un tutun natural f\u0103r\u0103 aditivi si f\u0103r\u0103 chimicale. Tutun La Galeata de 1kg Tutunul &hellip; <a href=\"https:\/\/tutun-firicel-vrac.com\/index.php\/tutun-galeata-1kg\/\">Read More<\/a><\/p>\n","protected":false},"author":2,"featured_media":696,"parent":0,"menu_order":0,"comment_status":"closed","ping_status":"closed","template":"","meta":{"footnotes":""},"class_list":["post-1064","page","type-page","status-publish","has-post-thumbnail","hentry"],"yoast_head":"<!-- This site is optimized with the Yoast SEO plugin v26.8 - https:\/\/yoast.com\/product\/yoast-seo-wordpress\/ -->\n<title>Tutun la galeata 1kg<\/title>\n<meta name=\"description\" content=\"Tutun la galeata 1kg cu livrare in toata tara Livrare gratis la 3kg de tutun cump\u0103rate Cumpara tutun la galeata 1kg la cel mai bun pre\u021b\" \/>\n<meta name=\"robots\" content=\"index, follow, max-snippet:-1, max-image-preview:large, max-video-preview:-1\" \/>\n<link rel=\"canonical\" href=\"https:\/\/tutun-firicel-vrac.com\/index.php\/tutun-galeata-1kg\/\" \/>\n<meta property=\"og:locale\" content=\"ro_RO\" \/>\n<meta property=\"og:type\" content=\"article\" \/>\n<meta property=\"og:title\" content=\"Tutun la galeata 1kg\" \/>\n<meta property=\"og:description\" content=\"Tutun la galeata 1kg cu livrare in toata tara Livrare gratis la 3kg de tutun cump\u0103rate Cumpara tutun la galeata 1kg la cel mai bun pre\u021b\" \/>\n<meta property=\"og:url\" content=\"https:\/\/tutun-firicel-vrac.com\/index.php\/tutun-galeata-1kg\/\" \/>\n<meta property=\"og:site_name\" content=\"Tutun Firicel Vrac\" \/>\n<meta property=\"article:modified_time\" content=\"2022-01-06T16:52:39+00:00\" \/>\n<meta property=\"og:image\" content=\"https:\/\/tutun-firicel-vrac.com\/wp-content\/uploads\/2021\/02\/tutun_firicel_vrac_kent_constanta.jpg\" \/>\n\t<meta property=\"og:image:width\" content=\"1000\" \/>\n\t<meta property=\"og:image:height\" content=\"1098\" \/>\n\t<meta property=\"og:image:type\" content=\"image\/jpeg\" \/>\n<meta name=\"twitter:card\" content=\"summary_large_image\" \/>\n<meta name=\"twitter:label1\" content=\"Timp estimat pentru citire\" \/>\n\t<meta name=\"twitter:data1\" content=\"4 minute\" \/>\n<script type=\"application\/ld+json\" class=\"yoast-schema-graph\">{\"@context\":\"https:\/\/schema.org\",\"@graph\":[{\"@type\":\"WebPage\",\"@id\":\"https:\/\/tutun-firicel-vrac.com\/index.php\/tutun-galeata-1kg\/\",\"url\":\"https:\/\/tutun-firicel-vrac.com\/index.php\/tutun-galeata-1kg\/\",\"name\":\"Tutun la galeata 1kg\",\"isPartOf\":{\"@id\":\"https:\/\/tutun-firicel-vrac.com\/#website\"},\"primaryImageOfPage\":{\"@id\":\"https:\/\/tutun-firicel-vrac.com\/index.php\/tutun-galeata-1kg\/#primaryimage\"},\"image\":{\"@id\":\"https:\/\/tutun-firicel-vrac.com\/index.php\/tutun-galeata-1kg\/#primaryimage\"},\"thumbnailUrl\":\"https:\/\/tutun-firicel-vrac.com\/wp-content\/uploads\/2021\/02\/tutun_firicel_vrac_kent_constanta.jpg\",\"datePublished\":\"2021-03-12T15:07:45+00:00\",\"dateModified\":\"2022-01-06T16:52:39+00:00\",\"description\":\"Tutun la galeata 1kg cu livrare in toata tara Livrare gratis la 3kg de tutun cump\u0103rate Cumpara tutun la galeata 1kg la cel mai bun pre\u021b\",\"breadcrumb\":{\"@id\":\"https:\/\/tutun-firicel-vrac.com\/index.php\/tutun-galeata-1kg\/#breadcrumb\"},\"inLanguage\":\"ro-RO\",\"potentialAction\":[{\"@type\":\"ReadAction\",\"target\":[\"https:\/\/tutun-firicel-vrac.com\/index.php\/tutun-galeata-1kg\/\"]}]},{\"@type\":\"ImageObject\",\"inLanguage\":\"ro-RO\",\"@id\":\"https:\/\/tutun-firicel-vrac.com\/index.php\/tutun-galeata-1kg\/#primaryimage\",\"url\":\"https:\/\/tutun-firicel-vrac.com\/wp-content\/uploads\/2021\/02\/tutun_firicel_vrac_kent_constanta.jpg\",\"contentUrl\":\"https:\/\/tutun-firicel-vrac.com\/wp-content\/uploads\/2021\/02\/tutun_firicel_vrac_kent_constanta.jpg\",\"width\":1000,\"height\":1098,\"caption\":\"tutun_firicel_vrac_kent\"},{\"@type\":\"BreadcrumbList\",\"@id\":\"https:\/\/tutun-firicel-vrac.com\/index.php\/tutun-galeata-1kg\/#breadcrumb\",\"itemListElement\":[{\"@type\":\"ListItem\",\"position\":1,\"name\":\"Home\",\"item\":\"https:\/\/tutun-firicel-vrac.com\/\"},{\"@type\":\"ListItem\",\"position\":2,\"name\":\"Tutun Galeata 1kg\"}]},{\"@type\":\"WebSite\",\"@id\":\"https:\/\/tutun-firicel-vrac.com\/#website\",\"url\":\"https:\/\/tutun-firicel-vrac.com\/\",\"name\":\"Tutun Firicel Vrac\",\"description\":\"Tutun Firicel Vrac cu livrare in toata tara\",\"publisher\":{\"@id\":\"https:\/\/tutun-firicel-vrac.com\/#organization\"},\"potentialAction\":[{\"@type\":\"SearchAction\",\"target\":{\"@type\":\"EntryPoint\",\"urlTemplate\":\"https:\/\/tutun-firicel-vrac.com\/?s={search_term_string}\"},\"query-input\":{\"@type\":\"PropertyValueSpecification\",\"valueRequired\":true,\"valueName\":\"search_term_string\"}}],\"inLanguage\":\"ro-RO\"},{\"@type\":\"Organization\",\"@id\":\"https:\/\/tutun-firicel-vrac.com\/#organization\",\"name\":\"Tutun Firicel Vrac\",\"url\":\"https:\/\/tutun-firicel-vrac.com\/\",\"logo\":{\"@type\":\"ImageObject\",\"inLanguage\":\"ro-RO\",\"@id\":\"https:\/\/tutun-firicel-vrac.com\/#\/schema\/logo\/image\/\",\"url\":\"https:\/\/tutun-firicel-vrac.com\/wp-content\/uploads\/2021\/03\/android-chrome-512x512-1.png\",\"contentUrl\":\"https:\/\/tutun-firicel-vrac.com\/wp-content\/uploads\/2021\/03\/android-chrome-512x512-1.png\",\"width\":512,\"height\":512,\"caption\":\"Tutun Firicel Vrac\"},\"image\":{\"@id\":\"https:\/\/tutun-firicel-vrac.com\/#\/schema\/logo\/image\/\"}}]}<\/script>\n<!-- \/ Yoast SEO plugin. -->","yoast_head_json":{"title":"Tutun la galeata 1kg","description":"Tutun la galeata 1kg cu livrare in toata tara Livrare gratis la 3kg de tutun cump\u0103rate Cumpara tutun la galeata 1kg la cel mai bun pre\u021b","robots":{"index":"index","follow":"follow","max-snippet":"max-snippet:-1","max-image-preview":"max-image-preview:large","max-video-preview":"max-video-preview:-1"},"canonical":"https:\/\/tutun-firicel-vrac.com\/index.php\/tutun-galeata-1kg\/","og_locale":"ro_RO","og_type":"article","og_title":"Tutun la galeata 1kg","og_description":"Tutun la galeata 1kg cu livrare in toata tara Livrare gratis la 3kg de tutun cump\u0103rate Cumpara tutun la galeata 1kg la cel mai bun pre\u021b","og_url":"https:\/\/tutun-firicel-vrac.com\/index.php\/tutun-galeata-1kg\/","og_site_name":"Tutun Firicel Vrac","article_modified_time":"2022-01-06T16:52:39+00:00","og_image":[{"width":1000,"height":1098,"url":"https:\/\/tutun-firicel-vrac.com\/wp-content\/uploads\/2021\/02\/tutun_firicel_vrac_kent_constanta.jpg","type":"image\/jpeg"}],"twitter_card":"summary_large_image","twitter_misc":{"Timp estimat pentru citire":"4 minute"},"schema":{"@context":"https:\/\/schema.org","@graph":[{"@type":"WebPage","@id":"https:\/\/tutun-firicel-vrac.com\/index.php\/tutun-galeata-1kg\/","url":"https:\/\/tutun-firicel-vrac.com\/index.php\/tutun-galeata-1kg\/","name":"Tutun la galeata 1kg","isPartOf":{"@id":"https:\/\/tutun-firicel-vrac.com\/#website"},"primaryImageOfPage":{"@id":"https:\/\/tutun-firicel-vrac.com\/index.php\/tutun-galeata-1kg\/#primaryimage"},"image":{"@id":"https:\/\/tutun-firicel-vrac.com\/index.php\/tutun-galeata-1kg\/#primaryimage"},"thumbnailUrl":"https:\/\/tutun-firicel-vrac.com\/wp-content\/uploads\/2021\/02\/tutun_firicel_vrac_kent_constanta.jpg","datePublished":"2021-03-12T15:07:45+00:00","dateModified":"2022-01-06T16:52:39+00:00","description":"Tutun la galeata 1kg cu livrare in toata tara Livrare gratis la 3kg de tutun cump\u0103rate Cumpara tutun la galeata 1kg la cel mai bun pre\u021b","breadcrumb":{"@id":"https:\/\/tutun-firicel-vrac.com\/index.php\/tutun-galeata-1kg\/#breadcrumb"},"inLanguage":"ro-RO","potentialAction":[{"@type":"ReadAction","target":["https:\/\/tutun-firicel-vrac.com\/index.php\/tutun-galeata-1kg\/"]}]},{"@type":"ImageObject","inLanguage":"ro-RO","@id":"https:\/\/tutun-firicel-vrac.com\/index.php\/tutun-galeata-1kg\/#primaryimage","url":"https:\/\/tutun-firicel-vrac.com\/wp-content\/uploads\/2021\/02\/tutun_firicel_vrac_kent_constanta.jpg","contentUrl":"https:\/\/tutun-firicel-vrac.com\/wp-content\/uploads\/2021\/02\/tutun_firicel_vrac_kent_constanta.jpg","width":1000,"height":1098,"caption":"tutun_firicel_vrac_kent"},{"@type":"BreadcrumbList","@id":"https:\/\/tutun-firicel-vrac.com\/index.php\/tutun-galeata-1kg\/#breadcrumb","itemListElement":[{"@type":"ListItem","position":1,"name":"Home","item":"https:\/\/tutun-firicel-vrac.com\/"},{"@type":"ListItem","position":2,"name":"Tutun Galeata 1kg"}]},{"@type":"WebSite","@id":"https:\/\/tutun-firicel-vrac.com\/#website","url":"https:\/\/tutun-firicel-vrac.com\/","name":"Tutun Firicel Vrac","description":"Tutun Firicel Vrac cu livrare in toata tara","publisher":{"@id":"https:\/\/tutun-firicel-vrac.com\/#organization"},"potentialAction":[{"@type":"SearchAction","target":{"@type":"EntryPoint","urlTemplate":"https:\/\/tutun-firicel-vrac.com\/?s={search_term_string}"},"query-input":{"@type":"PropertyValueSpecification","valueRequired":true,"valueName":"search_term_string"}}],"inLanguage":"ro-RO"},{"@type":"Organization","@id":"https:\/\/tutun-firicel-vrac.com\/#organization","name":"Tutun Firicel Vrac","url":"https:\/\/tutun-firicel-vrac.com\/","logo":{"@type":"ImageObject","inLanguage":"ro-RO","@id":"https:\/\/tutun-firicel-vrac.com\/#\/schema\/logo\/image\/","url":"https:\/\/tutun-firicel-vrac.com\/wp-content\/uploads\/2021\/03\/android-chrome-512x512-1.png","contentUrl":"https:\/\/tutun-firicel-vrac.com\/wp-content\/uploads\/2021\/03\/android-chrome-512x512-1.png","width":512,"height":512,"caption":"Tutun Firicel Vrac"},"image":{"@id":"https:\/\/tutun-firicel-vrac.com\/#\/schema\/logo\/image\/"}}]}},"_links":{"self":[{"href":"https:\/\/tutun-firicel-vrac.com\/index.php\/wp-json\/wp\/v2\/pages\/1064","targetHints":{"allow":["GET"]}}],"collection":[{"href":"https:\/\/tutun-firicel-vrac.com\/index.php\/wp-json\/wp\/v2\/pages"}],"about":[{"href":"https:\/\/tutun-firicel-vrac.com\/index.php\/wp-json\/wp\/v2\/types\/page"}],"author":[{"embeddable":true,"href":"https:\/\/tutun-firicel-vrac.com\/index.php\/wp-json\/wp\/v2\/users\/2"}],"replies":[{"embeddable":true,"href":"https:\/\/tutun-firicel-vrac.com\/index.php\/wp-json\/wp\/v2\/comments?post=1064"}],"version-history":[{"count":0,"href":"https:\/\/tutun-firicel-vrac.com\/index.php\/wp-json\/wp\/v2\/pages\/1064\/revisions"}],"wp:featuredmedia":[{"embeddable":true,"href":"https:\/\/tutun-firicel-vrac.com\/index.php\/wp-json\/wp\/v2\/media\/696"}],"wp:attachment":[{"href":"https:\/\/tutun-firicel-vrac.com\/index.php\/wp-json\/wp\/v2\/media?parent=1064"}],"curies":[{"name":"wp","href":"https:\/\/api.w.org\/{rel}","templated":true}]}}