{"id":1023,"date":"2021-03-09T10:41:37","date_gmt":"2021-03-09T10:41:37","guid":{"rendered":"https:\/\/tutun-firicel-vrac.com\/?page_id=1023"},"modified":"2023-09-07T10:53:10","modified_gmt":"2023-09-07T10:53:10","slug":"tutunul-natural-galeata-1kg","status":"publish","type":"page","link":"https:\/\/tutun-firicel-vrac.com\/index.php\/tutunul-natural-galeata-1kg\/","title":{"rendered":"Tutun natural fara aditivi"},"content":{"rendered":"<h1>Tutun natural la g\u0103leat\u0103 1kg<\/h1>\n<p>Tutunul natural g\u0103leat\u0103 1kg f\u0103r\u0103 aditiv este este un tutun de calitate, produs natural si f\u0103r\u0103 aditivi ad\u0103uga\u021bi, p\u0103streaz\u0103 gustul frunzelor de tutun, f\u0103r\u0103 arome artificiale ad\u0103ugate si f\u0103r\u0103 agen\u021bi de textura. Tutunul nu are cotoare, acestea sunt \u00eendep\u0103rtate manual. T\u0103ierea este extra fina f\u0103r\u0103 praf sau alte impurit\u0103\u021bi. \u00cenafara de faptul ca tutunul la g\u0103leat\u0103 nu are aditivi nocivi, economisi\u021bi si bani in compara\u021bie cu \u021bigaretele tradi\u021bionale. Comanda acum minim 3 kg si le prime\u0219ti cu transport gratuit<\/p>\n<p>Daca dori\u021bi sa face\u021bi comanda de tutun la g\u0103leat\u0103, firicel sau tocat, pute\u021bi sa suna\u021bi la num\u0103rul de telefon <a href=\"https:\/\/tutun-ieftin.com\/\">https:\/\/tutun-ieftin.com\/<\/a>.\u00a0 Ne g\u0103se\u0219ti si pe <a href=\"https:\/\/www.facebook.com\/Firicel-%C8%99i-tocat-100514955358235\">Facebook\u00a0<\/a><\/p>\n<h2>Tutunul firicel sau Tutunul tocat natural la g\u0103leata de 1kg<\/h2>\n<p>Este un produs de calitate foarte buna, care reduce costurile cu mult fata de \u021bigaretele tradi\u021bionale.<\/p>\n<p>Tutunul este ambalat in g\u0103letu\u0219\u0103 de 1kg si este disponibil in versiunea tutun firicel si tocat de 01 si 03. Tutunul este preparat, uscat si ambalat dup\u0103 standarde europene si nu con\u021bine praf si alte impurit\u0103\u021bi. Livrarea costa 20 de lei oriunde in tara si se realizeaz\u0103 prin posta cu plata la ramburs. Livrarea este gratuita pentru comenzi mai mari de 3kg.<\/p>\n<p><a href=\"https:\/\/tutun-firicel-vrac.com\/index.php\/acasa\/tutun-firicel-tocat-kent\/\">Tutun la galeata 1kg Kent<\/a> | <a href=\"https:\/\/tutun-firicel-vrac.com\/index.php\/acasa\/tutun-firicel-vrac-Premium\/\">Tutun la galeata 1kg Premium<\/a> | <a href=\"https:\/\/tutun-firicel-vrac.com\/index.php\/acasa\/tutun-firicel-vrac-winston\/\">Tutun la galeata 1kg Winston<\/a> | <a href=\"https:\/\/tutun-firicel-vrac.com\/index.php\/acasa\/tutun-firicel-vrac-pall-mall\/\">Tutun La galeata 1kg Pall Mall<\/a> | <a href=\"https:\/\/tutun-firicel-vrac.com\/index.php\/acasa\/tutun-firicel-vrac-pall-mall-negru\/\">Tutun la galeata 1kg Pall Mall Negru<\/a> | <a href=\"https:\/\/tutun-firicel-vrac.com\/index.php\/acasa\/tutun-firicel-vrac-davidoff\/\">Tutun la galeata 1kg Dafidoff<\/a> | <a href=\"https:\/\/tutun-firicel-vrac.com\/index.php\/acasa\/tutun-firicel-vrac-sobranie\/\">Tutun la galeata 1kg Sobranie<\/a> |<\/p>\n<figure id=\"attachment_697\" class=\"thumbnail wp-caption alignnone\" style=\"width: 300px\"><img decoding=\"async\" class=\"wp-image-697 size-medium\" src=\"https:\/\/tutun-firicel-vrac.com\/wp-content\/uploads\/2021\/02\/tutun_firicel_vrac_kent_galeata-300x200.jpg\" alt=\"depozit tutun firicel vrac kent la galeata de 1 kg\" width=\"300\" height=\"200\" srcset=\"https:\/\/tutun-firicel-vrac.com\/wp-content\/uploads\/2021\/02\/tutun_firicel_vrac_kent_galeata-300x200.jpg 300w, https:\/\/tutun-firicel-vrac.com\/wp-content\/uploads\/2021\/02\/tutun_firicel_vrac_kent_galeata-1024x683.jpg 1024w, https:\/\/tutun-firicel-vrac.com\/wp-content\/uploads\/2021\/02\/tutun_firicel_vrac_kent_galeata-768x512.jpg 768w, https:\/\/tutun-firicel-vrac.com\/wp-content\/uploads\/2021\/02\/tutun_firicel_vrac_kent_galeata-272x182.jpg 272w, https:\/\/tutun-firicel-vrac.com\/wp-content\/uploads\/2021\/02\/tutun_firicel_vrac_kent_galeata-740x494.jpg 740w, https:\/\/tutun-firicel-vrac.com\/wp-content\/uploads\/2021\/02\/tutun_firicel_vrac_kent_galeata-370x247.jpg 370w, https:\/\/tutun-firicel-vrac.com\/wp-content\/uploads\/2021\/02\/tutun_firicel_vrac_kent_galeata.jpg 1260w\" sizes=\"(max-width: 300px) 100vw, 300px\" \/><figcaption class=\"caption wp-caption-text\">tutun_firicel_vrac_kent<\/figcaption><\/figure>\n<figure id=\"attachment_780\" class=\"thumbnail wp-caption alignleft\" style=\"width: 225px\"><a href=\"https:\/\/tutun-ieftin.com\/\"><img decoding=\"async\" class=\"size-medium wp-image-780\" src=\"https:\/\/tutun-firicel-vrac.com\/wp-content\/uploads\/2021\/02\/tutun-la-galetata-kent-300x300.webp\" alt=\"tutun-firicel-vrac-kent-la-galetusa\" width=\"225\" height=\"300\" \/><\/a><figcaption class=\"caption wp-caption-text\">tutun firicel vrac Kent la galeata<\/figcaption><\/figure>\n<figure id=\"attachment_813\" class=\"thumbnail wp-caption alignleft\" style=\"width: 225px\"><a href=\"https:\/\/tutun-ieftin.com\/\"><img decoding=\"async\" class=\"size-medium wp-image-813\" src=\"https:\/\/tutun-firicel-vrac.com\/wp-content\/uploads\/2021\/02\/tutun-la-galeata-winston-300x300.webp\" alt=\"tutun firicel vrac la galeata de 1kg winston\" width=\"225\" height=\"300\" \/><\/a><figcaption class=\"caption wp-caption-text\">tutun firicel vrac la galeata de 1kg winston<\/figcaption><\/figure>\n<figure id=\"attachment_794\" class=\"thumbnail wp-caption alignleft\" style=\"width: 225px\"><a href=\"https:\/\/tutun-ieftin.com\/\"><img decoding=\"async\" class=\"size-medium wp-image-794\" src=\"https:\/\/tutun-firicel-vrac.com\/wp-content\/uploads\/2021\/02\/tutun-la-galetata-dunhill-300x300.webp\" alt=\"tutun firicel vrac la galeata de 1kg dunhill\" width=\"225\" height=\"300\" \/><\/a><figcaption class=\"caption wp-caption-text\">tutun firicel vrac la galeata de 1kg dunhill<\/figcaption><\/figure>\n<figure id=\"attachment_799\" class=\"thumbnail wp-caption alignleft\" style=\"width: 225px\"><a href=\"https:\/\/tutun-ieftin.com\/\"><img decoding=\"async\" class=\"size-medium wp-image-799\" src=\"https:\/\/tutun-firicel-vrac.com\/wp-content\/uploads\/2021\/02\/tutun-la-galetata-pall-mall-300x300.webp\" alt=\"tutun firicel vrac la galeata de 1kg pall mall\" width=\"225\" height=\"300\" \/><\/a><figcaption class=\"caption wp-caption-text\">tutun firicel vrac la galeata de 1kg pall mall<\/figcaption><\/figure>\n<figure id=\"attachment_803\" class=\"thumbnail wp-caption alignleft\" style=\"width: 225px\"><a href=\"https:\/\/tutun-ieftin.com\/\"><img decoding=\"async\" class=\"size-medium wp-image-803\" src=\"https:\/\/tutun-firicel-vrac.com\/wp-content\/uploads\/2021\/02\/tutun-la-galetata-pall-mall-negru-300x300.webp\" alt=\"tutun firicel vrac la galeata de 1kg pall mall negru\" width=\"225\" height=\"300\" \/><\/a><figcaption class=\"caption wp-caption-text\">tutun firicel vrac la galeata de 1kg pall mall negru<\/figcaption><\/figure>\n<figure id=\"attachment_787\" class=\"thumbnail wp-caption alignleft\" style=\"width: 225px\"><a href=\"https:\/\/tutun-ieftin.com\/\"><img decoding=\"async\" class=\"size-medium wp-image-787\" src=\"https:\/\/tutun-firicel-vrac.com\/wp-content\/uploads\/2021\/02\/tutun-la-galetata-dafidoff-300x300.webp\" alt=\"tutun firicel vrac la galeata de 1kg davidoff\" width=\"225\" height=\"300\" \/><\/a><figcaption class=\"caption wp-caption-text\">tutun firicel vrac la galeata de 1kg davidoff<\/figcaption><\/figure>\n<figure id=\"attachment_809\" class=\"thumbnail wp-caption alignleft\" style=\"width: 225px\"><a href=\"https:\/\/tutun-ieftin.com\/\"><img decoding=\"async\" class=\"size-medium wp-image-809\" src=\"https:\/\/tutun-firicel-vrac.com\/wp-content\/uploads\/2021\/02\/tutun-la-galeata-sobranie-300x300.webp\" alt=\"tutun firicel vrac sobranie la galeata de 1kg\" width=\"225\" height=\"300\" \/><\/a><figcaption class=\"caption wp-caption-text\">tutun firicel vrac sobranie la galeata de 1kg<\/figcaption><\/figure>\n","protected":false},"excerpt":{"rendered":"<p>Tutun natural la g\u0103leat\u0103 1kg Tutunul natural g\u0103leat\u0103 1kg f\u0103r\u0103 aditiv este este un tutun de calitate, produs natural si f\u0103r\u0103 aditivi ad\u0103uga\u021bi, p\u0103streaz\u0103 gustul frunzelor de tutun, f\u0103r\u0103 arome artificiale ad\u0103ugate si f\u0103r\u0103 agen\u021bi de textura. Tutunul nu are cotoare, acestea sunt \u00eendep\u0103rtate manual. T\u0103ierea este extra fina f\u0103r\u0103 &hellip; <a href=\"https:\/\/tutun-firicel-vrac.com\/index.php\/tutunul-natural-galeata-1kg\/\">Read More<\/a><\/p>\n","protected":false},"author":2,"featured_media":776,"parent":0,"menu_order":0,"comment_status":"closed","ping_status":"closed","template":"","meta":{"footnotes":""},"class_list":["post-1023","page","type-page","status-publish","has-post-thumbnail","hentry"],"yoast_head":"<!-- This site is optimized with the Yoast SEO plugin v26.8 - https:\/\/yoast.com\/product\/yoast-seo-wordpress\/ -->\n<title>Tutunul natural g\u0103leat\u0103 1kg firicel si tocat din fabrica la cel mai bun pre\u021b<\/title>\n<meta name=\"description\" content=\"Tutunul natural g\u0103leat\u0103 1kg firicel si tocat tutun din fabrica la cel mai bun pre\u021b tutun ieftin la g\u0103leat\u0103 de 1 kg comanda online\" \/>\n<meta name=\"robots\" content=\"index, follow, max-snippet:-1, max-image-preview:large, max-video-preview:-1\" \/>\n<link rel=\"canonical\" href=\"https:\/\/tutun-firicel-vrac.com\/index.php\/tutunul-natural-galeata-1kg\/\" \/>\n<meta property=\"og:locale\" content=\"ro_RO\" \/>\n<meta property=\"og:type\" content=\"article\" \/>\n<meta property=\"og:title\" content=\"Tutunul natural g\u0103leat\u0103 1kg firicel si tocat din fabrica la cel mai bun pre\u021b\" \/>\n<meta property=\"og:description\" content=\"Tutunul natural g\u0103leat\u0103 1kg firicel si tocat tutun din fabrica la cel mai bun pre\u021b tutun ieftin la g\u0103leat\u0103 de 1 kg comanda online\" \/>\n<meta property=\"og:url\" content=\"https:\/\/tutun-firicel-vrac.com\/index.php\/tutunul-natural-galeata-1kg\/\" \/>\n<meta property=\"og:site_name\" content=\"Tutun Firicel Vrac\" \/>\n<meta property=\"article:modified_time\" content=\"2023-09-07T10:53:10+00:00\" \/>\n<meta property=\"og:image\" content=\"https:\/\/tutun-firicel-vrac.com\/wp-content\/uploads\/2021\/02\/tutun-firicel-vrac-Premium-la-galeata.jpg\" \/>\n\t<meta property=\"og:image:width\" content=\"513\" \/>\n\t<meta property=\"og:image:height\" content=\"513\" \/>\n\t<meta property=\"og:image:type\" content=\"image\/webp\" \/>\n<meta name=\"twitter:card\" content=\"summary_large_image\" \/>\n<meta name=\"twitter:label1\" content=\"Timp estimat pentru citire\" \/>\n\t<meta name=\"twitter:data1\" content=\"4 minute\" \/>\n<script type=\"application\/ld+json\" class=\"yoast-schema-graph\">{\"@context\":\"https:\/\/schema.org\",\"@graph\":[{\"@type\":\"WebPage\",\"@id\":\"https:\/\/tutun-firicel-vrac.com\/index.php\/tutunul-natural-galeata-1kg\/\",\"url\":\"https:\/\/tutun-firicel-vrac.com\/index.php\/tutunul-natural-galeata-1kg\/\",\"name\":\"Tutunul natural g\u0103leat\u0103 1kg firicel si tocat din fabrica la cel mai bun pre\u021b\",\"isPartOf\":{\"@id\":\"https:\/\/tutun-firicel-vrac.com\/#website\"},\"primaryImageOfPage\":{\"@id\":\"https:\/\/tutun-firicel-vrac.com\/index.php\/tutunul-natural-galeata-1kg\/#primaryimage\"},\"image\":{\"@id\":\"https:\/\/tutun-firicel-vrac.com\/index.php\/tutunul-natural-galeata-1kg\/#primaryimage\"},\"thumbnailUrl\":\"https:\/\/tutun-firicel-vrac.com\/wp-content\/uploads\/2021\/02\/tutun-firicel-vrac-Premium-la-galeata.jpg\",\"datePublished\":\"2021-03-09T10:41:37+00:00\",\"dateModified\":\"2023-09-07T10:53:10+00:00\",\"description\":\"Tutunul natural g\u0103leat\u0103 1kg firicel si tocat tutun din fabrica la cel mai bun pre\u021b tutun ieftin la g\u0103leat\u0103 de 1 kg comanda online\",\"breadcrumb\":{\"@id\":\"https:\/\/tutun-firicel-vrac.com\/index.php\/tutunul-natural-galeata-1kg\/#breadcrumb\"},\"inLanguage\":\"ro-RO\",\"potentialAction\":[{\"@type\":\"ReadAction\",\"target\":[\"https:\/\/tutun-firicel-vrac.com\/index.php\/tutunul-natural-galeata-1kg\/\"]}]},{\"@type\":\"ImageObject\",\"inLanguage\":\"ro-RO\",\"@id\":\"https:\/\/tutun-firicel-vrac.com\/index.php\/tutunul-natural-galeata-1kg\/#primaryimage\",\"url\":\"https:\/\/tutun-firicel-vrac.com\/wp-content\/uploads\/2021\/02\/tutun-firicel-vrac-Premium-la-galeata.jpg\",\"contentUrl\":\"https:\/\/tutun-firicel-vrac.com\/wp-content\/uploads\/2021\/02\/tutun-firicel-vrac-Premium-la-galeata.jpg\",\"width\":\"513\",\"height\":\"513\",\"caption\":\"tutun-firicel-vrac Premium la galeata 1kg\"},{\"@type\":\"BreadcrumbList\",\"@id\":\"https:\/\/tutun-firicel-vrac.com\/index.php\/tutunul-natural-galeata-1kg\/#breadcrumb\",\"itemListElement\":[{\"@type\":\"ListItem\",\"position\":1,\"name\":\"Home\",\"item\":\"https:\/\/tutun-firicel-vrac.com\/\"},{\"@type\":\"ListItem\",\"position\":2,\"name\":\"Tutun natural fara aditivi\"}]},{\"@type\":\"WebSite\",\"@id\":\"https:\/\/tutun-firicel-vrac.com\/#website\",\"url\":\"https:\/\/tutun-firicel-vrac.com\/\",\"name\":\"Tutun Firicel Vrac\",\"description\":\"Tutun Firicel Vrac cu livrare in toata tara\",\"publisher\":{\"@id\":\"https:\/\/tutun-firicel-vrac.com\/#organization\"},\"potentialAction\":[{\"@type\":\"SearchAction\",\"target\":{\"@type\":\"EntryPoint\",\"urlTemplate\":\"https:\/\/tutun-firicel-vrac.com\/?s={search_term_string}\"},\"query-input\":{\"@type\":\"PropertyValueSpecification\",\"valueRequired\":true,\"valueName\":\"search_term_string\"}}],\"inLanguage\":\"ro-RO\"},{\"@type\":\"Organization\",\"@id\":\"https:\/\/tutun-firicel-vrac.com\/#organization\",\"name\":\"Tutun Firicel Vrac\",\"url\":\"https:\/\/tutun-firicel-vrac.com\/\",\"logo\":{\"@type\":\"ImageObject\",\"inLanguage\":\"ro-RO\",\"@id\":\"https:\/\/tutun-firicel-vrac.com\/#\/schema\/logo\/image\/\",\"url\":\"https:\/\/tutun-firicel-vrac.com\/wp-content\/uploads\/2021\/03\/android-chrome-512x512-1.png\",\"contentUrl\":\"https:\/\/tutun-firicel-vrac.com\/wp-content\/uploads\/2021\/03\/android-chrome-512x512-1.png\",\"width\":512,\"height\":512,\"caption\":\"Tutun Firicel Vrac\"},\"image\":{\"@id\":\"https:\/\/tutun-firicel-vrac.com\/#\/schema\/logo\/image\/\"}}]}<\/script>\n<!-- \/ Yoast SEO plugin. -->","yoast_head_json":{"title":"Tutunul natural g\u0103leat\u0103 1kg firicel si tocat din fabrica la cel mai bun pre\u021b","description":"Tutunul natural g\u0103leat\u0103 1kg firicel si tocat tutun din fabrica la cel mai bun pre\u021b tutun ieftin la g\u0103leat\u0103 de 1 kg comanda online","robots":{"index":"index","follow":"follow","max-snippet":"max-snippet:-1","max-image-preview":"max-image-preview:large","max-video-preview":"max-video-preview:-1"},"canonical":"https:\/\/tutun-firicel-vrac.com\/index.php\/tutunul-natural-galeata-1kg\/","og_locale":"ro_RO","og_type":"article","og_title":"Tutunul natural g\u0103leat\u0103 1kg firicel si tocat din fabrica la cel mai bun pre\u021b","og_description":"Tutunul natural g\u0103leat\u0103 1kg firicel si tocat tutun din fabrica la cel mai bun pre\u021b tutun ieftin la g\u0103leat\u0103 de 1 kg comanda online","og_url":"https:\/\/tutun-firicel-vrac.com\/index.php\/tutunul-natural-galeata-1kg\/","og_site_name":"Tutun Firicel Vrac","article_modified_time":"2023-09-07T10:53:10+00:00","og_image":[{"width":513,"height":513,"url":"https:\/\/tutun-firicel-vrac.com\/wp-content\/uploads\/2021\/02\/tutun-firicel-vrac-Premium-la-galeata.jpg","type":"image\/webp"}],"twitter_card":"summary_large_image","twitter_misc":{"Timp estimat pentru citire":"4 minute"},"schema":{"@context":"https:\/\/schema.org","@graph":[{"@type":"WebPage","@id":"https:\/\/tutun-firicel-vrac.com\/index.php\/tutunul-natural-galeata-1kg\/","url":"https:\/\/tutun-firicel-vrac.com\/index.php\/tutunul-natural-galeata-1kg\/","name":"Tutunul natural g\u0103leat\u0103 1kg firicel si tocat din fabrica la cel mai bun pre\u021b","isPartOf":{"@id":"https:\/\/tutun-firicel-vrac.com\/#website"},"primaryImageOfPage":{"@id":"https:\/\/tutun-firicel-vrac.com\/index.php\/tutunul-natural-galeata-1kg\/#primaryimage"},"image":{"@id":"https:\/\/tutun-firicel-vrac.com\/index.php\/tutunul-natural-galeata-1kg\/#primaryimage"},"thumbnailUrl":"https:\/\/tutun-firicel-vrac.com\/wp-content\/uploads\/2021\/02\/tutun-firicel-vrac-Premium-la-galeata.jpg","datePublished":"2021-03-09T10:41:37+00:00","dateModified":"2023-09-07T10:53:10+00:00","description":"Tutunul natural g\u0103leat\u0103 1kg firicel si tocat tutun din fabrica la cel mai bun pre\u021b tutun ieftin la g\u0103leat\u0103 de 1 kg comanda online","breadcrumb":{"@id":"https:\/\/tutun-firicel-vrac.com\/index.php\/tutunul-natural-galeata-1kg\/#breadcrumb"},"inLanguage":"ro-RO","potentialAction":[{"@type":"ReadAction","target":["https:\/\/tutun-firicel-vrac.com\/index.php\/tutunul-natural-galeata-1kg\/"]}]},{"@type":"ImageObject","inLanguage":"ro-RO","@id":"https:\/\/tutun-firicel-vrac.com\/index.php\/tutunul-natural-galeata-1kg\/#primaryimage","url":"https:\/\/tutun-firicel-vrac.com\/wp-content\/uploads\/2021\/02\/tutun-firicel-vrac-Premium-la-galeata.jpg","contentUrl":"https:\/\/tutun-firicel-vrac.com\/wp-content\/uploads\/2021\/02\/tutun-firicel-vrac-Premium-la-galeata.jpg","width":"513","height":"513","caption":"tutun-firicel-vrac Premium la galeata 1kg"},{"@type":"BreadcrumbList","@id":"https:\/\/tutun-firicel-vrac.com\/index.php\/tutunul-natural-galeata-1kg\/#breadcrumb","itemListElement":[{"@type":"ListItem","position":1,"name":"Home","item":"https:\/\/tutun-firicel-vrac.com\/"},{"@type":"ListItem","position":2,"name":"Tutun natural fara aditivi"}]},{"@type":"WebSite","@id":"https:\/\/tutun-firicel-vrac.com\/#website","url":"https:\/\/tutun-firicel-vrac.com\/","name":"Tutun Firicel Vrac","description":"Tutun Firicel Vrac cu livrare in toata tara","publisher":{"@id":"https:\/\/tutun-firicel-vrac.com\/#organization"},"potentialAction":[{"@type":"SearchAction","target":{"@type":"EntryPoint","urlTemplate":"https:\/\/tutun-firicel-vrac.com\/?s={search_term_string}"},"query-input":{"@type":"PropertyValueSpecification","valueRequired":true,"valueName":"search_term_string"}}],"inLanguage":"ro-RO"},{"@type":"Organization","@id":"https:\/\/tutun-firicel-vrac.com\/#organization","name":"Tutun Firicel Vrac","url":"https:\/\/tutun-firicel-vrac.com\/","logo":{"@type":"ImageObject","inLanguage":"ro-RO","@id":"https:\/\/tutun-firicel-vrac.com\/#\/schema\/logo\/image\/","url":"https:\/\/tutun-firicel-vrac.com\/wp-content\/uploads\/2021\/03\/android-chrome-512x512-1.png","contentUrl":"https:\/\/tutun-firicel-vrac.com\/wp-content\/uploads\/2021\/03\/android-chrome-512x512-1.png","width":512,"height":512,"caption":"Tutun Firicel Vrac"},"image":{"@id":"https:\/\/tutun-firicel-vrac.com\/#\/schema\/logo\/image\/"}}]}},"_links":{"self":[{"href":"https:\/\/tutun-firicel-vrac.com\/index.php\/wp-json\/wp\/v2\/pages\/1023","targetHints":{"allow":["GET"]}}],"collection":[{"href":"https:\/\/tutun-firicel-vrac.com\/index.php\/wp-json\/wp\/v2\/pages"}],"about":[{"href":"https:\/\/tutun-firicel-vrac.com\/index.php\/wp-json\/wp\/v2\/types\/page"}],"author":[{"embeddable":true,"href":"https:\/\/tutun-firicel-vrac.com\/index.php\/wp-json\/wp\/v2\/users\/2"}],"replies":[{"embeddable":true,"href":"https:\/\/tutun-firicel-vrac.com\/index.php\/wp-json\/wp\/v2\/comments?post=1023"}],"version-history":[{"count":1,"href":"https:\/\/tutun-firicel-vrac.com\/index.php\/wp-json\/wp\/v2\/pages\/1023\/revisions"}],"predecessor-version":[{"id":1387,"href":"https:\/\/tutun-firicel-vrac.com\/index.php\/wp-json\/wp\/v2\/pages\/1023\/revisions\/1387"}],"wp:featuredmedia":[{"embeddable":true,"href":"https:\/\/tutun-firicel-vrac.com\/index.php\/wp-json\/wp\/v2\/media\/776"}],"wp:attachment":[{"href":"https:\/\/tutun-firicel-vrac.com\/index.php\/wp-json\/wp\/v2\/media?parent=1023"}],"curies":[{"name":"wp","href":"https:\/\/api.w.org\/{rel}","templated":true}]}}